{"id":1095,"date":"2026-02-06T15:36:27","date_gmt":"2026-02-06T14:36:27","guid":{"rendered":"https:\/\/www.kerntecdoc.com\/?page_id=1095"},"modified":"2026-03-10T17:31:07","modified_gmt":"2026-03-10T16:31:07","slug":"impressum","status":"publish","type":"page","link":"https:\/\/www.kerntecdoc.com\/de\/impressum\/","title":{"rendered":"Impressum"},"content":{"rendered":"\t\t<div data-elementor-type=\"wp-page\" data-elementor-id=\"1095\" class=\"elementor elementor-1095\" data-elementor-post-type=\"page\">\n\t\t\t\t<div class=\"elementor-element elementor-element-0db0f18 e-flex e-con-boxed e-con e-parent\" data-id=\"0db0f18\" data-element_type=\"container\" data-e-type=\"container\">\n\t\t\t\t\t<div class=\"e-con-inner\">\n\t\t\t\t<div class=\"elementor-element elementor-element-8fbc089 elementor-widget elementor-widget-breadcrumbs\" data-id=\"8fbc089\" data-element_type=\"widget\" data-e-type=\"widget\" data-widget_type=\"breadcrumbs.default\">\n\t\t\t\t\t<p id=\"breadcrumbs\"><span><span><a href=\"https:\/\/www.kerntecdoc.com\/de\/\">Startseite<\/a><\/span><\/span><\/p>\t\t\t\t<\/div>\n\t\t\t\t\t<\/div>\n\t\t\t\t<\/div>\n\t\t<div class=\"elementor-element elementor-element-81187f0 e-flex e-con-boxed e-con e-parent\" data-id=\"81187f0\" data-element_type=\"container\" data-e-type=\"container\">\n\t\t\t\t\t<div class=\"e-con-inner\">\n\t\t<div class=\"elementor-element elementor-element-17409c8 e-con-full e-flex e-con e-child\" data-id=\"17409c8\" data-element_type=\"container\" data-e-type=\"container\">\n\t\t<div class=\"elementor-element elementor-element-73b075c e-con-full e-flex e-con e-child\" data-id=\"73b075c\" data-element_type=\"container\" data-e-type=\"container\" data-settings=\"{&quot;background_background&quot;:&quot;gradient&quot;}\">\n\t\t\t\t<\/div>\n\t\t\t\t<div class=\"elementor-element elementor-element-fa8e84c elementor-widget elementor-widget-heading\" data-id=\"fa8e84c\" data-element_type=\"widget\" data-e-type=\"widget\" data-widget_type=\"heading.default\">\n\t\t\t\t\t<h1 class=\"elementor-heading-title elementor-size-default\">Impressum<\/h1>\t\t\t\t<\/div>\n\t\t\t\t<\/div>\n\t\t\t\t\t<\/div>\n\t\t\t\t<\/div>\n\t\t<div class=\"elementor-element elementor-element-3e4da72 e-flex e-con-boxed e-con e-parent\" data-id=\"3e4da72\" data-element_type=\"container\" data-e-type=\"container\">\n\t\t\t\t\t<div class=\"e-con-inner\">\n\t\t\t\t<div class=\"elementor-element elementor-element-030afbe elementor-widget elementor-widget-heading\" data-id=\"030afbe\" data-element_type=\"widget\" data-e-type=\"widget\" data-widget_type=\"heading.default\">\n\t\t\t\t\t<h2 class=\"elementor-heading-title elementor-size-default\">KERN AG, Sprachendienste<\/h2>\t\t\t\t<\/div>\n\t\t\t\t\t<\/div>\n\t\t\t\t<\/div>\n\t\t<div class=\"elementor-element elementor-element-e43a4a5 e-flex e-con-boxed e-con e-parent\" data-id=\"e43a4a5\" data-element_type=\"container\" data-e-type=\"container\">\n\t\t\t\t\t<div class=\"e-con-inner\">\n\t\t<div class=\"elementor-element elementor-element-1ce75b5 e-con-full e-flex e-con e-child\" data-id=\"1ce75b5\" data-element_type=\"container\" data-e-type=\"container\">\n\t\t\t\t<div class=\"elementor-element elementor-element-52795ab elementor-widget elementor-widget-heading\" data-id=\"52795ab\" data-element_type=\"widget\" data-e-type=\"widget\" data-widget_type=\"heading.default\">\n\t\t\t\t\t<h3 class=\"elementor-heading-title elementor-size-default\">Anschrift<\/h3>\t\t\t\t<\/div>\n\t\t\t\t<div class=\"elementor-element elementor-element-4f36cc4 elementor-widget elementor-widget-text-editor\" data-id=\"4f36cc4\" data-element_type=\"widget\" data-e-type=\"widget\" data-widget_type=\"text-editor.default\">\n\t\t\t\t\t\t\t\t\t<p>KERN AG, Sprachendienste<\/p><p>Kurf\u00fcrstenstra\u00dfe 1<\/p><p>60486 Frankfurt am Main<\/p>\t\t\t\t\t\t\t\t<\/div>\n\t\t\t\t<\/div>\n\t\t<div class=\"elementor-element elementor-element-e014e46 e-con-full e-flex e-con e-child\" data-id=\"e014e46\" data-element_type=\"container\" data-e-type=\"container\">\n\t\t\t\t<div class=\"elementor-element elementor-element-d3ac72d elementor-widget elementor-widget-heading\" data-id=\"d3ac72d\" data-element_type=\"widget\" data-e-type=\"widget\" data-widget_type=\"heading.default\">\n\t\t\t\t\t<h3 class=\"elementor-heading-title elementor-size-default\">Handelsregister<\/h3>\t\t\t\t<\/div>\n\t\t\t\t<div class=\"elementor-element elementor-element-bd40dde elementor-widget elementor-widget-text-editor\" data-id=\"bd40dde\" data-element_type=\"widget\" data-e-type=\"widget\" data-widget_type=\"text-editor.default\">\n\t\t\t\t\t\t\t\t\t<p>Amtsgericht<\/p><p>Frankfurt am Main<\/p><p>HRB 48 94 5<\/p>\t\t\t\t\t\t\t\t<\/div>\n\t\t\t\t<\/div>\n\t\t<div class=\"elementor-element elementor-element-b19edc5 e-con-full e-flex e-con e-child\" data-id=\"b19edc5\" data-element_type=\"container\" data-e-type=\"container\">\n\t\t\t\t<div class=\"elementor-element elementor-element-9c95ad8 elementor-widget elementor-widget-heading\" data-id=\"9c95ad8\" data-element_type=\"widget\" data-e-type=\"widget\" data-widget_type=\"heading.default\">\n\t\t\t\t\t<h3 class=\"elementor-heading-title elementor-size-default\">Kontaktdaten<\/h3>\t\t\t\t<\/div>\n\t\t\t\t<div class=\"elementor-element elementor-element-ccf8f6e elementor-widget elementor-widget-text-editor\" data-id=\"ccf8f6e\" data-element_type=\"widget\" data-e-type=\"widget\" data-widget_type=\"text-editor.default\">\n\t\t\t\t\t\t\t\t\t<p>Tel.: <a href=\"tel:+49697560730\">+49 (0) 69 75 60 73 0<\/a><\/p><p>Fax: +49 (0) 69 75 13 53<\/p><p>E-Mail: <a href=\"mailto:info@e-kern.com\">info@e-kern.com<\/a><\/p>\t\t\t\t\t\t\t\t<\/div>\n\t\t\t\t<\/div>\n\t\t<div class=\"elementor-element elementor-element-d2d27eb e-con-full e-flex e-con e-child\" data-id=\"d2d27eb\" data-element_type=\"container\" data-e-type=\"container\">\n\t\t\t\t<div class=\"elementor-element elementor-element-d1acfd7 elementor-widget elementor-widget-heading\" data-id=\"d1acfd7\" data-element_type=\"widget\" data-e-type=\"widget\" data-widget_type=\"heading.default\">\n\t\t\t\t\t<h3 class=\"elementor-heading-title elementor-size-default\">Ust-IdNr.<\/h3>\t\t\t\t<\/div>\n\t\t\t\t<div class=\"elementor-element elementor-element-438a807 elementor-widget elementor-widget-text-editor\" data-id=\"438a807\" data-element_type=\"widget\" data-e-type=\"widget\" data-widget_type=\"text-editor.default\">\n\t\t\t\t\t\t\t\t\t<p>DE 811 15 33 81<\/p>\t\t\t\t\t\t\t\t<\/div>\n\t\t\t\t<\/div>\n\t\t<div class=\"elementor-element elementor-element-f0c4d6d e-con-full e-flex e-con e-child\" data-id=\"f0c4d6d\" data-element_type=\"container\" data-e-type=\"container\">\n\t\t\t\t<div class=\"elementor-element elementor-element-8d6d01a elementor-widget elementor-widget-heading\" data-id=\"8d6d01a\" data-element_type=\"widget\" data-e-type=\"widget\" data-widget_type=\"heading.default\">\n\t\t\t\t\t<h3 class=\"elementor-heading-title elementor-size-default\">Datenschutz&shy;beauftragter<\/h3>\t\t\t\t<\/div>\n\t\t\t\t<div class=\"elementor-element elementor-element-5954ff8 elementor-widget elementor-widget-text-editor\" data-id=\"5954ff8\" data-element_type=\"widget\" data-e-type=\"widget\" data-widget_type=\"text-editor.default\">\n\t\t\t\t\t\t\t\t\t<p>Ilja Alexander Jordy<\/p>\t\t\t\t\t\t\t\t<\/div>\n\t\t\t\t<\/div>\n\t\t<div class=\"elementor-element elementor-element-d1649e7 e-con-full e-flex e-con e-child\" data-id=\"d1649e7\" data-element_type=\"container\" data-e-type=\"container\">\n\t\t\t\t<div class=\"elementor-element elementor-element-9012930 elementor-widget elementor-widget-heading\" data-id=\"9012930\" data-element_type=\"widget\" data-e-type=\"widget\" data-widget_type=\"heading.default\">\n\t\t\t\t\t<h3 class=\"elementor-heading-title elementor-size-default\">Sitz der Gesellschaft<\/h3>\t\t\t\t<\/div>\n\t\t\t\t<div class=\"elementor-element elementor-element-956ddc5 elementor-widget elementor-widget-text-editor\" data-id=\"956ddc5\" data-element_type=\"widget\" data-e-type=\"widget\" data-widget_type=\"text-editor.default\">\n\t\t\t\t\t\t\t\t\t<p>Frankfurt am Main<\/p>\t\t\t\t\t\t\t\t<\/div>\n\t\t\t\t<\/div>\n\t\t<div class=\"elementor-element elementor-element-204422d e-con-full e-flex e-con e-child\" data-id=\"204422d\" data-element_type=\"container\" data-e-type=\"container\">\n\t\t\t\t<div class=\"elementor-element elementor-element-c4dcc81 elementor-widget elementor-widget-heading\" data-id=\"c4dcc81\" data-element_type=\"widget\" data-e-type=\"widget\" data-widget_type=\"heading.default\">\n\t\t\t\t\t<h3 class=\"elementor-heading-title elementor-size-default\">Vorstand<\/h3>\t\t\t\t<\/div>\n\t\t\t\t<div class=\"elementor-element elementor-element-b5c12bc elementor-widget elementor-widget-text-editor\" data-id=\"b5c12bc\" data-element_type=\"widget\" data-e-type=\"widget\" data-widget_type=\"text-editor.default\">\n\t\t\t\t\t\t\t\t\t<p>Manfred Kern<br \/>Michael Kern<br \/>Dr. Thomas Kern<\/p>\t\t\t\t\t\t\t\t<\/div>\n\t\t\t\t<\/div>\n\t\t\t\t\t<\/div>\n\t\t\t\t<\/div>\n\t\t<div class=\"elementor-element elementor-element-b389340 e-flex e-con-boxed e-con e-parent\" data-id=\"b389340\" data-element_type=\"container\" data-e-type=\"container\">\n\t\t\t\t\t<div class=\"e-con-inner\">\n\t\t\t\t<div class=\"elementor-element elementor-element-14b2037 elementor-widget elementor-widget-text-editor\" data-id=\"14b2037\" data-element_type=\"widget\" data-e-type=\"widget\" data-widget_type=\"text-editor.default\">\n\t\t\t\t\t\t\t\t\t<h3>1. Haftungsbeschr\u00e4nkung<\/h3><p>Die Inhalte dieser Website werden mit gr\u00f6\u00dftm\u00f6glicher Sorgfalt erstellt. Der Anbieter \u00fcbernimmt jedoch keine Gew\u00e4hr f\u00fcr die Richtigkeit, Vollst\u00e4ndigkeit und Aktualit\u00e4t der bereitgestellten Inhalte. Die Nutzung der Inhalte der Website erfolgt auf eigene Gefahr des Nutzers. Namentlich gekennzeichnete Beitr\u00e4ge geben die Meinung des jeweiligen Autors und nicht immer die Meinung des Anbieters wieder. Mit der reinen Nutzung der Website des Anbieters kommt keinerlei Vertragsverh\u00e4ltnis zwischen dem Nutzer und dem Anbieter zustande.<\/p><h3>2. Externe Links<\/h3><p>Diese Website enth\u00e4lt Verkn\u00fcpfungen zu Websites Dritter (&#8222;externe Links&#8220;). Diese Websites unterliegen der Haftung der jeweiligen Betreiber. Der Anbieter hat bei der erstmaligen Verkn\u00fcpfung der externen Links die fremden Inhalte daraufhin \u00fcberpr\u00fcft, ob etwaige Rechtsverst\u00f6\u00dfe bestehen. Zu dem Zeitpunkt waren keine Rechtsverst\u00f6\u00dfe ersichtlich. Der Anbieter hat keinerlei Einfluss auf die aktuelle und zuk\u00fcnftige Gestaltung und auf die Inhalte der verkn\u00fcpften Seiten. Das Setzen von externen Links bedeutet nicht, dass sich der Anbieter die hinter dem Verweis oder Link liegenden Inhalte zu Eigen macht. Eine st\u00e4ndige Kontrolle der externen Links ist f\u00fcr den Anbieter ohne konkrete Hinweise auf Rechtsverst\u00f6\u00dfe nicht zumutbar. Bei Kenntnis von Rechtsverst\u00f6\u00dfen werden jedoch derartige externe Links unverz\u00fcglich gel\u00f6scht.<\/p><h3>3. Urheber- und Leistungsschutzrechte<\/h3><p>Die auf dieser Website ver\u00f6ffentlichten Inhalte unterliegen dem deutschen Urheber- und Leistungsschutzrecht. Jede vom deutschen Urheber- und Leistungsschutzrecht nicht zugelassene Verwertung bedarf der vorherigen schriftlichen Zustimmung des Anbieters oder jeweiligen Rechteinhabers. Dies gilt insbesondere f\u00fcr Vervielf\u00e4ltigung, Bearbeitung, \u00dcbersetzung, Einspeicherung, Verarbeitung bzw. Wiedergabe von Inhalten in Datenbanken oder anderen elektronischen Medien und Systemen. Inhalte und Rechte Dritter sind dabei als solche gekennzeichnet. Die unerlaubte Vervielf\u00e4ltigung oder Weitergabe einzelner Inhalte oder kompletter Seiten ist nicht gestattet und strafbar. Lediglich die Herstellung von Kopien und Downloads f\u00fcr den pers\u00f6nlichen, privaten und nicht kommerziellen Gebrauch ist erlaubt.<br \/>Die Darstellung dieser Website in fremden Frames ist nur mit schriftlicher Erlaubnis zul\u00e4ssig.<\/p><h3>4. Datenschutz<\/h3><p>Durch den Besuch der Website des Anbieters k\u00f6nnen Informationen \u00fcber den Zugriff (Datum, Uhrzeit, betrachtete Seite) gespeichert werden. Diese Daten geh\u00f6ren nicht zu den personenbezogenen Daten, sondern sind anonymisiert. Sie werden ausschlie\u00dflich zu statistischen Zwecken ausgewertet. Eine Weitergabe an Dritte, zu kommerziellen oder nichtkommerziellen Zwecken, findet nicht statt.<br \/>Der Anbieter weist ausdr\u00fccklich darauf hin, dass die Daten\u00fcbertragung im Internet (z. B. bei der Kommunikation per E-Mail) Sicherheitsl\u00fccken aufweisen und nicht l\u00fcckenlos vor dem Zugriff durch Dritte gesch\u00fctzt werden kann.<br \/>Die Verwendung der Kontaktdaten des Impressums zur gewerblichen Werbung ist ausdr\u00fccklich nicht erw\u00fcnscht, es sei denn der Anbieter hatte zuvor seine schriftliche Einwilligung erteilt oder es besteht bereits eine Gesch\u00e4ftsbeziehung. Der Anbieter und alle auf dieser Website genannten Personen widersprechen hiermit jeder kommerziellen Verwendung und Weitergabe ihrer Daten.<\/p><h3>5. Einsatz vom Google Analytics und Google Remarketing<\/h3><p>Diese Website benutzt Google Analytics und Google Remarketing. Dies sind Dienstleistungen der Google Inc. (&#8222;Google&#8220;). Google verwendet sog. &#8222;Cookies&#8220;, Textdateien, die auf Ihrem Computer gespeichert werden und die eine Analyse der Benutzung der Website durch Sie erm\u00f6glicht. Die durch den Cookie erzeugten Informationen \u00fcber Ihre Benutzung diese Website (einschlie\u00dflich Ihrer IP-Adresse) wird an einen Server von Google in den USA \u00fcbertragen und dort gespeichert. Die IP Adresse wird anschlie\u00dfend von Google um die letzten drei Stellen gek\u00fcrzt, eine eindeutige Zuordnung der IP Adresse ist somit nicht mehr m\u00f6glich. Google beachtet die Datenschutzbestimmungen des &#8222;US-Safe-Harbor&#8220;-Abkommens und ist beim &#8222;Safe Harbor&#8220;-Programm des US-Handelsministeriums registriert.<\/p><p>Google wird diese Informationen benutzen, um Ihre Nutzung der Website auszuwerten, um Reports \u00fcber die Websiteaktivit\u00e4ten f\u00fcr die Websitebetreiber zusammenzustellen und um weitere mit der Websitenutzung und der Internetnutzung verbundene Dienstleistungen zu erbringen. Auch wird Google diese Informationen gegebenenfalls an Dritte \u00fcbertragen, sofern dies gesetzlich vorgeschrieben oder soweit Dritte diese Daten im Auftrag von Google verarbeiten.<\/p><p>Drittanbieter, einschlie\u00dflich Google, schalten Anzeigen auf Websites im Internet. Drittanbieter, einschlie\u00dflich Google, verwenden gespeicherte Cookies zum Schalten von Anzeigen auf Grundlage vorheriger Besuche eines Nutzers auf dieser Website.<\/p><p>Google wird in keinem Fall Ihre IP-Adresse mit anderen Daten der Google in Verbindung bringen. Der Datenerhebung und -speicherung kann jederzeit mit Wirkung f\u00fcr die Zukunft widersprochen werden. Sie k\u00f6nnen die Verwendung von Cookies durch Google deaktivieren, indem sie die Seite zur Deaktivierung von Google-Werbung aufrufen. Alternativ k\u00f6nnen Nutzer die Verwendung von Cookies durch Drittanbieter deaktivieren, indem sie die Deaktivierungsseite der Netzwerkwerbeinitiative aufrufen.<\/p><p>Wir weisen Sie jedoch darauf hin, dass Sie in diesem Fall gegebenenfalls nicht s\u00e4mtliche Funktionen dieser Website voll umf\u00e4nglich nutzen k\u00f6nnen. Durch die Nutzung dieser Website erkl\u00e4ren Sie sich mit der Bearbeitung der \u00fcber Sie erhobenen Daten durch Google in der zuvor beschriebenen Art und Weise und zu dem zuvor benannten Zweck einverstanden.<\/p><p>Der Datenerhebung und -speicherung kann jederzeit mit Wirkung f\u00fcr die Zukunft widersprochen werden. Weitere Hinweise zu den Bestimmungen von Google finden Sie hier.<\/p><h3>6. Streitschlichtung<\/h3><p>Die Europ\u00e4ische Kommission stellt eine Plattform zur Online-Streitbeilegung (OS) bereit, die Sie hier finden http:\/\/ec.europa.eu\/consumers\/odr\/. Verbraucher haben die M\u00f6glichkeit, diese Plattform f\u00fcr die Beilegung ihrer Streitigkeiten zu nutzen.<\/p><h3>7. Besondere Nutzungsbedingungen<\/h3><p>Soweit besondere Bedingungen f\u00fcr einzelne Nutzungen dieser Website von den vorgenannten Punkten 1. &#8211; 6. abweichen, wird an entsprechender Stelle ausdr\u00fccklich darauf hingewiesen. In diesem Falle gelten im jeweiligen Einzelfall die besonderen Nutzungsbedingungen.<\/p>\t\t\t\t\t\t\t\t<\/div>\n\t\t\t\t\t<\/div>\n\t\t\t\t<\/div>\n\t\t\t\t<\/div>\n\t\t","protected":false},"excerpt":{"rendered":"<p>Impressum KERN AG, Sprachendienste Anschrift KERN AG, Sprachendienste Kurf\u00fcrstenstra\u00dfe 1 60486 Frankfurt am Main Handelsregister Amtsgericht Frankfurt am Main HRB 48 94 5 Kontaktdaten Tel.: +49 (0) 69 75 60 73 0 Fax: +49 (0) 69 75 13 53 E-Mail: info@e-kern.com Ust-IdNr. DE 811 15 33 81 Datenschutz&shy;beauftragter Ilja Alexander Jordy Sitz der Gesellschaft Frankfurt [&hellip;]<\/p>\n","protected":false},"author":7,"featured_media":0,"parent":0,"menu_order":0,"comment_status":"closed","ping_status":"closed","template":"","meta":{"_relevanssi_hide_post":"","_relevanssi_hide_content":"","_relevanssi_pin_for_all":"","_relevanssi_pin_keywords":"","_relevanssi_unpin_keywords":"","_relevanssi_related_keywords":"","_relevanssi_related_include_ids":"","_relevanssi_related_exclude_ids":"","_relevanssi_related_no_append":"","_relevanssi_related_not_related":"","_relevanssi_related_posts":"1","_relevanssi_noindex_reason":"","footnotes":""},"folder":[52],"class_list":["post-1095","page","type-page","status-publish","hentry"],"yoast_head":"<!-- This site is optimized with the Yoast SEO plugin v27.3 - https:\/\/yoast.com\/product\/yoast-seo-wordpress\/ -->\n<title>Impressum - KERN TecDoc<\/title>\n<meta name=\"robots\" content=\"index, follow, max-snippet:-1, max-image-preview:large, max-video-preview:-1\" \/>\n<link rel=\"canonical\" href=\"https:\/\/www.kerntecdoc.com\/de\/impressum\/\" \/>\n<meta property=\"og:locale\" content=\"de_DE\" \/>\n<meta property=\"og:type\" content=\"article\" \/>\n<meta property=\"og:title\" content=\"Impressum - KERN TecDoc\" \/>\n<meta property=\"og:description\" content=\"Impressum KERN AG, Sprachendienste Anschrift KERN AG, Sprachendienste Kurf\u00fcrstenstra\u00dfe 1 60486 Frankfurt am Main Handelsregister Amtsgericht Frankfurt am Main HRB 48 94 5 Kontaktdaten Tel.: +49 (0) 69 75 60 73 0 Fax: +49 (0) 69 75 13 53 E-Mail: info@e-kern.com Ust-IdNr. DE 811 15 33 81 Datenschutz&shy;beauftragter Ilja Alexander Jordy Sitz der Gesellschaft Frankfurt [&hellip;]\" \/>\n<meta property=\"og:url\" content=\"https:\/\/www.kerntecdoc.com\/de\/impressum\/\" \/>\n<meta property=\"og:site_name\" content=\"KERN TecDoc\" \/>\n<meta property=\"article:modified_time\" content=\"2026-03-10T16:31:07+00:00\" \/>\n<meta name=\"twitter:card\" content=\"summary_large_image\" \/>\n<meta name=\"twitter:label1\" content=\"Gesch\u00e4tzte Lesezeit\" \/>\n\t<meta name=\"twitter:data1\" content=\"5\u00a0Minuten\" \/>\n<script type=\"application\/ld+json\" class=\"yoast-schema-graph\">{\"@context\":\"https:\\\/\\\/schema.org\",\"@graph\":[{\"@type\":\"WebPage\",\"@id\":\"https:\\\/\\\/www.kerntecdoc.com\\\/de\\\/impressum\\\/\",\"url\":\"https:\\\/\\\/www.kerntecdoc.com\\\/de\\\/impressum\\\/\",\"name\":\"Impressum - KERN TecDoc\",\"isPartOf\":{\"@id\":\"https:\\\/\\\/www.kerntecdoc.com\\\/de\\\/#website\"},\"datePublished\":\"2026-02-06T14:36:27+00:00\",\"dateModified\":\"2026-03-10T16:31:07+00:00\",\"breadcrumb\":{\"@id\":\"https:\\\/\\\/www.kerntecdoc.com\\\/de\\\/impressum\\\/#breadcrumb\"},\"inLanguage\":\"de\",\"potentialAction\":[{\"@type\":\"ReadAction\",\"target\":[\"https:\\\/\\\/www.kerntecdoc.com\\\/de\\\/impressum\\\/\"]}]},{\"@type\":\"BreadcrumbList\",\"@id\":\"https:\\\/\\\/www.kerntecdoc.com\\\/de\\\/impressum\\\/#breadcrumb\",\"itemListElement\":[{\"@type\":\"ListItem\",\"position\":1,\"name\":\"Startseite\",\"item\":\"https:\\\/\\\/www.kerntecdoc.com\\\/de\\\/\"},{\"@type\":\"ListItem\",\"position\":2,\"name\":\"Impressum\"}]},{\"@type\":\"WebSite\",\"@id\":\"https:\\\/\\\/www.kerntecdoc.com\\\/de\\\/#website\",\"url\":\"https:\\\/\\\/www.kerntecdoc.com\\\/de\\\/\",\"name\":\"KERN TecDoc\",\"description\":\"Wir erstellen, optimieren, \u00fcbersetzen Ihre Dokumentation normgerecht und verst\u00e4ndlich.\",\"publisher\":{\"@id\":\"https:\\\/\\\/www.kerntecdoc.com\\\/de\\\/#organization\"},\"potentialAction\":[{\"@type\":\"SearchAction\",\"target\":{\"@type\":\"EntryPoint\",\"urlTemplate\":\"https:\\\/\\\/www.kerntecdoc.com\\\/de\\\/?s={search_term_string}\"},\"query-input\":{\"@type\":\"PropertyValueSpecification\",\"valueRequired\":true,\"valueName\":\"search_term_string\"}}],\"inLanguage\":\"de\"},{\"@type\":\"Organization\",\"@id\":\"https:\\\/\\\/www.kerntecdoc.com\\\/de\\\/#organization\",\"name\":\"KERN TecDoc\",\"url\":\"https:\\\/\\\/www.kerntecdoc.com\\\/de\\\/\",\"logo\":{\"@type\":\"ImageObject\",\"inLanguage\":\"de\",\"@id\":\"https:\\\/\\\/www.kerntecdoc.com\\\/de\\\/#\\\/schema\\\/logo\\\/image\\\/\",\"url\":\"https:\\\/\\\/www.kerntecdoc.com\\\/wp-content\\\/uploads\\\/2026\\\/01\\\/kern-techdoc-logo.svg\",\"contentUrl\":\"https:\\\/\\\/www.kerntecdoc.com\\\/wp-content\\\/uploads\\\/2026\\\/01\\\/kern-techdoc-logo.svg\",\"width\":805,\"height\":238,\"caption\":\"KERN TecDoc\"},\"image\":{\"@id\":\"https:\\\/\\\/www.kerntecdoc.com\\\/de\\\/#\\\/schema\\\/logo\\\/image\\\/\"}}]}<\/script>\n<!-- \/ Yoast SEO plugin. -->","yoast_head_json":{"title":"Impressum - KERN TecDoc","robots":{"index":"index","follow":"follow","max-snippet":"max-snippet:-1","max-image-preview":"max-image-preview:large","max-video-preview":"max-video-preview:-1"},"canonical":"https:\/\/www.kerntecdoc.com\/de\/impressum\/","og_locale":"de_DE","og_type":"article","og_title":"Impressum - KERN TecDoc","og_description":"Impressum KERN AG, Sprachendienste Anschrift KERN AG, Sprachendienste Kurf\u00fcrstenstra\u00dfe 1 60486 Frankfurt am Main Handelsregister Amtsgericht Frankfurt am Main HRB 48 94 5 Kontaktdaten Tel.: +49 (0) 69 75 60 73 0 Fax: +49 (0) 69 75 13 53 E-Mail: info@e-kern.com Ust-IdNr. DE 811 15 33 81 Datenschutz&shy;beauftragter Ilja Alexander Jordy Sitz der Gesellschaft Frankfurt [&hellip;]","og_url":"https:\/\/www.kerntecdoc.com\/de\/impressum\/","og_site_name":"KERN TecDoc","article_modified_time":"2026-03-10T16:31:07+00:00","twitter_card":"summary_large_image","twitter_misc":{"Gesch\u00e4tzte Lesezeit":"5\u00a0Minuten"},"schema":{"@context":"https:\/\/schema.org","@graph":[{"@type":"WebPage","@id":"https:\/\/www.kerntecdoc.com\/de\/impressum\/","url":"https:\/\/www.kerntecdoc.com\/de\/impressum\/","name":"Impressum - KERN TecDoc","isPartOf":{"@id":"https:\/\/www.kerntecdoc.com\/de\/#website"},"datePublished":"2026-02-06T14:36:27+00:00","dateModified":"2026-03-10T16:31:07+00:00","breadcrumb":{"@id":"https:\/\/www.kerntecdoc.com\/de\/impressum\/#breadcrumb"},"inLanguage":"de","potentialAction":[{"@type":"ReadAction","target":["https:\/\/www.kerntecdoc.com\/de\/impressum\/"]}]},{"@type":"BreadcrumbList","@id":"https:\/\/www.kerntecdoc.com\/de\/impressum\/#breadcrumb","itemListElement":[{"@type":"ListItem","position":1,"name":"Startseite","item":"https:\/\/www.kerntecdoc.com\/de\/"},{"@type":"ListItem","position":2,"name":"Impressum"}]},{"@type":"WebSite","@id":"https:\/\/www.kerntecdoc.com\/de\/#website","url":"https:\/\/www.kerntecdoc.com\/de\/","name":"KERN TecDoc","description":"Wir erstellen, optimieren, \u00fcbersetzen Ihre Dokumentation normgerecht und verst\u00e4ndlich.","publisher":{"@id":"https:\/\/www.kerntecdoc.com\/de\/#organization"},"potentialAction":[{"@type":"SearchAction","target":{"@type":"EntryPoint","urlTemplate":"https:\/\/www.kerntecdoc.com\/de\/?s={search_term_string}"},"query-input":{"@type":"PropertyValueSpecification","valueRequired":true,"valueName":"search_term_string"}}],"inLanguage":"de"},{"@type":"Organization","@id":"https:\/\/www.kerntecdoc.com\/de\/#organization","name":"KERN TecDoc","url":"https:\/\/www.kerntecdoc.com\/de\/","logo":{"@type":"ImageObject","inLanguage":"de","@id":"https:\/\/www.kerntecdoc.com\/de\/#\/schema\/logo\/image\/","url":"https:\/\/www.kerntecdoc.com\/wp-content\/uploads\/2026\/01\/kern-techdoc-logo.svg","contentUrl":"https:\/\/www.kerntecdoc.com\/wp-content\/uploads\/2026\/01\/kern-techdoc-logo.svg","width":805,"height":238,"caption":"KERN TecDoc"},"image":{"@id":"https:\/\/www.kerntecdoc.com\/de\/#\/schema\/logo\/image\/"}}]}},"_links":{"self":[{"href":"https:\/\/www.kerntecdoc.com\/de\/wp-json\/wp\/v2\/pages\/1095","targetHints":{"allow":["GET"]}}],"collection":[{"href":"https:\/\/www.kerntecdoc.com\/de\/wp-json\/wp\/v2\/pages"}],"about":[{"href":"https:\/\/www.kerntecdoc.com\/de\/wp-json\/wp\/v2\/types\/page"}],"author":[{"embeddable":true,"href":"https:\/\/www.kerntecdoc.com\/de\/wp-json\/wp\/v2\/users\/7"}],"replies":[{"embeddable":true,"href":"https:\/\/www.kerntecdoc.com\/de\/wp-json\/wp\/v2\/comments?post=1095"}],"version-history":[{"count":10,"href":"https:\/\/www.kerntecdoc.com\/de\/wp-json\/wp\/v2\/pages\/1095\/revisions"}],"predecessor-version":[{"id":3874,"href":"https:\/\/www.kerntecdoc.com\/de\/wp-json\/wp\/v2\/pages\/1095\/revisions\/3874"}],"wp:attachment":[{"href":"https:\/\/www.kerntecdoc.com\/de\/wp-json\/wp\/v2\/media?parent=1095"}],"wp:term":[{"taxonomy":"folder","embeddable":true,"href":"https:\/\/www.kerntecdoc.com\/de\/wp-json\/wp\/v2\/folder?post=1095"}],"curies":[{"name":"wp","href":"https:\/\/api.w.org\/{rel}","templated":true}]}}