{"id":1158,"date":"2026-02-11T10:36:45","date_gmt":"2026-02-11T09:36:45","guid":{"rendered":"https:\/\/www.kerntecdoc.com\/?page_id=1158"},"modified":"2026-03-12T09:30:11","modified_gmt":"2026-03-12T08:30:11","slug":"danke-anfrage","status":"publish","type":"page","link":"https:\/\/www.kerntecdoc.com\/de\/danke-anfrage\/","title":{"rendered":"Danke Anfrage"},"content":{"rendered":"\t\t<div data-elementor-type=\"wp-page\" data-elementor-id=\"1158\" class=\"elementor elementor-1158\" data-elementor-post-type=\"page\">\n\t\t\t\t<div class=\"elementor-element elementor-element-2586add e-flex e-con-boxed e-con e-parent\" data-id=\"2586add\" data-element_type=\"container\" data-e-type=\"container\">\n\t\t\t\t\t<div class=\"e-con-inner\">\n\t\t\t\t<div class=\"elementor-element elementor-element-4fcdf08 elementor-widget elementor-widget-breadcrumbs\" data-id=\"4fcdf08\" data-element_type=\"widget\" data-e-type=\"widget\" data-widget_type=\"breadcrumbs.default\">\n\t\t\t\t\t<p id=\"breadcrumbs\"><span><span><a href=\"https:\/\/www.kerntecdoc.com\/de\/\">Startseite<\/a><\/span><\/span><\/p>\t\t\t\t<\/div>\n\t\t\t\t\t<\/div>\n\t\t\t\t<\/div>\n\t\t<div class=\"elementor-element elementor-element-b1a0f78 e-flex e-con-boxed e-con e-parent\" data-id=\"b1a0f78\" data-element_type=\"container\" data-e-type=\"container\">\n\t\t\t\t\t<div class=\"e-con-inner\">\n\t\t<div class=\"elementor-element elementor-element-93bbb45 e-con-full e-flex e-con e-child\" data-id=\"93bbb45\" data-element_type=\"container\" data-e-type=\"container\">\n\t\t<div class=\"elementor-element elementor-element-46b7624 e-con-full e-flex e-con e-child\" data-id=\"46b7624\" data-element_type=\"container\" data-e-type=\"container\" data-settings=\"{&quot;background_background&quot;:&quot;gradient&quot;}\">\n\t\t\t\t<\/div>\n\t\t\t\t<div class=\"elementor-element elementor-element-90cea64 elementor-widget elementor-widget-heading\" data-id=\"90cea64\" data-element_type=\"widget\" data-e-type=\"widget\" data-widget_type=\"heading.default\">\n\t\t\t\t\t<h1 class=\"elementor-heading-title elementor-size-default\">Vielen Dank f\u00fcr Ihre Anfrage bei der KERN TecDoc<\/h1>\t\t\t\t<\/div>\n\t\t\t\t<div class=\"elementor-element elementor-element-88cfbe8 elementor-widget elementor-widget-text-editor\" data-id=\"88cfbe8\" data-element_type=\"widget\" data-e-type=\"widget\" data-widget_type=\"text-editor.default\">\n\t\t\t\t\t\t\t\t\t<p>Sehr geehrte Damen und Herren,<\/p><p>vielen Dank f\u00fcr Ihre Kontaktaufnahme \u00fcber unser Online-Formular! Ihre Nachricht ist bei uns eingegangen und wird nun von unserem Team sorgf\u00e4ltig gepr\u00fcft.<\/p><p><strong>Was passiert jetzt?<\/strong><\/p><ol><li>Wir sichten Ihre Anfrage in der Regel innerhalb von 24 Stunden.<\/li><li>Sollten R\u00fcckfragen n\u00f6tig sein, meldet sich Ihr\/-e pers\u00f6nliche\/-r Ansprechpartner\/-in bei Ihnen.<\/li><li>Anschlie\u00dfend erhalten Sie eine R\u00fcckmeldung mit allen notwendigen Informationen.<\/li><\/ol><p>Sollten Sie in der Zwischenzeit dringende Anliegen haben, erreichen Sie uns telefonisch unter <a href=\"tel:+49697560 73555\">(069) 75 60 73-555<\/a> oder per E-Mail an <a href=\"mailto:tecdoku@e-kern.com\">tecdoku@e-kern.com<\/a>.\u00a0<\/p><p><span style=\"font-size: 1.25rem;\">Nochmals vielen Dank f\u00fcr Ihr Vertrauen in die KERN AG. Wir freuen uns darauf, Ihnen weiterzuhelfen!\u00a0<\/span><\/p><p><span style=\"font-size: 1.25rem;\">Mit freundlichen Gr\u00fc\u00dfen\u00a0<\/span><\/p><p><span style=\"font-size: 1.25rem;\">Ihr Team der KERN TecDoc<\/span><\/p><p><em style=\"font-size: 1.25rem;\">Hinweis zum Datenschutz: Ihre Daten werden vertraulich behandelt und nicht an Dritte weitergegeben. Weitere Informationen finden Sie in unserer <a href=\"https:\/\/www.kerntecdoc.com\/de\/datenschutz\/\">Datenschutzerkl\u00e4rung<\/a>.<\/em><\/p>\t\t\t\t\t\t\t\t<\/div>\n\t\t\t\t<\/div>\n\t\t\t\t\t<\/div>\n\t\t\t\t<\/div>\n\t\t\t\t<\/div>\n\t\t","protected":false},"excerpt":{"rendered":"<p>Vielen Dank f\u00fcr Ihre Anfrage bei der KERN TecDoc Sehr geehrte Damen und Herren, vielen Dank f\u00fcr Ihre Kontaktaufnahme \u00fcber unser Online-Formular! Ihre Nachricht ist bei uns eingegangen und wird nun von unserem Team sorgf\u00e4ltig gepr\u00fcft. Was passiert jetzt? Wir sichten Ihre Anfrage in der Regel innerhalb von 24 Stunden. Sollten R\u00fcckfragen n\u00f6tig sein, meldet [&hellip;]<\/p>\n","protected":false},"author":7,"featured_media":0,"parent":0,"menu_order":0,"comment_status":"closed","ping_status":"closed","template":"","meta":{"_relevanssi_hide_post":"","_relevanssi_hide_content":"","_relevanssi_pin_for_all":"","_relevanssi_pin_keywords":"","_relevanssi_unpin_keywords":"","_relevanssi_related_keywords":"","_relevanssi_related_include_ids":"","_relevanssi_related_exclude_ids":"","_relevanssi_related_no_append":"","_relevanssi_related_not_related":"","_relevanssi_related_posts":"1","_relevanssi_noindex_reason":"","footnotes":""},"folder":[],"class_list":["post-1158","page","type-page","status-publish","hentry"],"yoast_head":"<!-- This site is optimized with the Yoast SEO plugin v27.5 - https:\/\/yoast.com\/product\/yoast-seo-wordpress\/ -->\n<title>Danke f\u00fcr Ihre Nachricht<\/title>\n<meta name=\"robots\" content=\"index, follow, max-snippet:-1, max-image-preview:large, max-video-preview:-1\" \/>\n<link rel=\"canonical\" href=\"https:\/\/www.kerntecdoc.com\/de\/danke-anfrage\/\" \/>\n<meta property=\"og:locale\" content=\"de_DE\" \/>\n<meta property=\"og:type\" content=\"article\" \/>\n<meta property=\"og:title\" content=\"Danke f\u00fcr Ihre Nachricht\" \/>\n<meta property=\"og:description\" content=\"Vielen Dank f\u00fcr Ihre Anfrage bei der KERN TecDoc Sehr geehrte Damen und Herren, vielen Dank f\u00fcr Ihre Kontaktaufnahme \u00fcber unser Online-Formular! Ihre Nachricht ist bei uns eingegangen und wird nun von unserem Team sorgf\u00e4ltig gepr\u00fcft. Was passiert jetzt? Wir sichten Ihre Anfrage in der Regel innerhalb von 24 Stunden. Sollten R\u00fcckfragen n\u00f6tig sein, meldet [&hellip;]\" \/>\n<meta property=\"og:url\" content=\"https:\/\/www.kerntecdoc.com\/de\/danke-anfrage\/\" \/>\n<meta property=\"og:site_name\" content=\"KERN TecDoc\" \/>\n<meta property=\"article:modified_time\" content=\"2026-03-12T08:30:11+00:00\" \/>\n<meta name=\"twitter:card\" content=\"summary_large_image\" \/>\n<meta name=\"twitter:label1\" content=\"Gesch\u00e4tzte Lesezeit\" \/>\n\t<meta name=\"twitter:data1\" content=\"1\u00a0Minute\" \/>\n<script type=\"application\/ld+json\" class=\"yoast-schema-graph\">{\"@context\":\"https:\\\/\\\/schema.org\",\"@graph\":[{\"@type\":\"WebPage\",\"@id\":\"https:\\\/\\\/www.kerntecdoc.com\\\/de\\\/danke-anfrage\\\/\",\"url\":\"https:\\\/\\\/www.kerntecdoc.com\\\/de\\\/danke-anfrage\\\/\",\"name\":\"Danke f\u00fcr Ihre Nachricht\",\"isPartOf\":{\"@id\":\"https:\\\/\\\/www.kerntecdoc.com\\\/de\\\/#website\"},\"datePublished\":\"2026-02-11T09:36:45+00:00\",\"dateModified\":\"2026-03-12T08:30:11+00:00\",\"breadcrumb\":{\"@id\":\"https:\\\/\\\/www.kerntecdoc.com\\\/de\\\/danke-anfrage\\\/#breadcrumb\"},\"inLanguage\":\"de\",\"potentialAction\":[{\"@type\":\"ReadAction\",\"target\":[\"https:\\\/\\\/www.kerntecdoc.com\\\/de\\\/danke-anfrage\\\/\"]}]},{\"@type\":\"BreadcrumbList\",\"@id\":\"https:\\\/\\\/www.kerntecdoc.com\\\/de\\\/danke-anfrage\\\/#breadcrumb\",\"itemListElement\":[{\"@type\":\"ListItem\",\"position\":1,\"name\":\"Startseite\",\"item\":\"https:\\\/\\\/www.kerntecdoc.com\\\/de\\\/\"},{\"@type\":\"ListItem\",\"position\":2,\"name\":\"Danke Anfrage\"}]},{\"@type\":\"WebSite\",\"@id\":\"https:\\\/\\\/www.kerntecdoc.com\\\/de\\\/#website\",\"url\":\"https:\\\/\\\/www.kerntecdoc.com\\\/de\\\/\",\"name\":\"KERN TecDoc\",\"description\":\"Wir erstellen, optimieren, \u00fcbersetzen Ihre Dokumentation normgerecht und verst\u00e4ndlich.\",\"publisher\":{\"@id\":\"https:\\\/\\\/www.kerntecdoc.com\\\/de\\\/#organization\"},\"potentialAction\":[{\"@type\":\"SearchAction\",\"target\":{\"@type\":\"EntryPoint\",\"urlTemplate\":\"https:\\\/\\\/www.kerntecdoc.com\\\/de\\\/?s={search_term_string}\"},\"query-input\":{\"@type\":\"PropertyValueSpecification\",\"valueRequired\":true,\"valueName\":\"search_term_string\"}}],\"inLanguage\":\"de\"},{\"@type\":\"Organization\",\"@id\":\"https:\\\/\\\/www.kerntecdoc.com\\\/de\\\/#organization\",\"name\":\"KERN TecDoc\",\"url\":\"https:\\\/\\\/www.kerntecdoc.com\\\/de\\\/\",\"logo\":{\"@type\":\"ImageObject\",\"inLanguage\":\"de\",\"@id\":\"https:\\\/\\\/www.kerntecdoc.com\\\/de\\\/#\\\/schema\\\/logo\\\/image\\\/\",\"url\":\"https:\\\/\\\/www.kerntecdoc.com\\\/wp-content\\\/uploads\\\/2026\\\/01\\\/kern-techdoc-logo.svg\",\"contentUrl\":\"https:\\\/\\\/www.kerntecdoc.com\\\/wp-content\\\/uploads\\\/2026\\\/01\\\/kern-techdoc-logo.svg\",\"width\":805,\"height\":238,\"caption\":\"KERN TecDoc\"},\"image\":{\"@id\":\"https:\\\/\\\/www.kerntecdoc.com\\\/de\\\/#\\\/schema\\\/logo\\\/image\\\/\"}}]}<\/script>\n<!-- \/ Yoast SEO plugin. -->","yoast_head_json":{"title":"Danke f\u00fcr Ihre Nachricht","robots":{"index":"index","follow":"follow","max-snippet":"max-snippet:-1","max-image-preview":"max-image-preview:large","max-video-preview":"max-video-preview:-1"},"canonical":"https:\/\/www.kerntecdoc.com\/de\/danke-anfrage\/","og_locale":"de_DE","og_type":"article","og_title":"Danke f\u00fcr Ihre Nachricht","og_description":"Vielen Dank f\u00fcr Ihre Anfrage bei der KERN TecDoc Sehr geehrte Damen und Herren, vielen Dank f\u00fcr Ihre Kontaktaufnahme \u00fcber unser Online-Formular! Ihre Nachricht ist bei uns eingegangen und wird nun von unserem Team sorgf\u00e4ltig gepr\u00fcft. Was passiert jetzt? Wir sichten Ihre Anfrage in der Regel innerhalb von 24 Stunden. Sollten R\u00fcckfragen n\u00f6tig sein, meldet [&hellip;]","og_url":"https:\/\/www.kerntecdoc.com\/de\/danke-anfrage\/","og_site_name":"KERN TecDoc","article_modified_time":"2026-03-12T08:30:11+00:00","twitter_card":"summary_large_image","twitter_misc":{"Gesch\u00e4tzte Lesezeit":"1\u00a0Minute"},"schema":{"@context":"https:\/\/schema.org","@graph":[{"@type":"WebPage","@id":"https:\/\/www.kerntecdoc.com\/de\/danke-anfrage\/","url":"https:\/\/www.kerntecdoc.com\/de\/danke-anfrage\/","name":"Danke f\u00fcr Ihre Nachricht","isPartOf":{"@id":"https:\/\/www.kerntecdoc.com\/de\/#website"},"datePublished":"2026-02-11T09:36:45+00:00","dateModified":"2026-03-12T08:30:11+00:00","breadcrumb":{"@id":"https:\/\/www.kerntecdoc.com\/de\/danke-anfrage\/#breadcrumb"},"inLanguage":"de","potentialAction":[{"@type":"ReadAction","target":["https:\/\/www.kerntecdoc.com\/de\/danke-anfrage\/"]}]},{"@type":"BreadcrumbList","@id":"https:\/\/www.kerntecdoc.com\/de\/danke-anfrage\/#breadcrumb","itemListElement":[{"@type":"ListItem","position":1,"name":"Startseite","item":"https:\/\/www.kerntecdoc.com\/de\/"},{"@type":"ListItem","position":2,"name":"Danke Anfrage"}]},{"@type":"WebSite","@id":"https:\/\/www.kerntecdoc.com\/de\/#website","url":"https:\/\/www.kerntecdoc.com\/de\/","name":"KERN TecDoc","description":"Wir erstellen, optimieren, \u00fcbersetzen Ihre Dokumentation normgerecht und verst\u00e4ndlich.","publisher":{"@id":"https:\/\/www.kerntecdoc.com\/de\/#organization"},"potentialAction":[{"@type":"SearchAction","target":{"@type":"EntryPoint","urlTemplate":"https:\/\/www.kerntecdoc.com\/de\/?s={search_term_string}"},"query-input":{"@type":"PropertyValueSpecification","valueRequired":true,"valueName":"search_term_string"}}],"inLanguage":"de"},{"@type":"Organization","@id":"https:\/\/www.kerntecdoc.com\/de\/#organization","name":"KERN TecDoc","url":"https:\/\/www.kerntecdoc.com\/de\/","logo":{"@type":"ImageObject","inLanguage":"de","@id":"https:\/\/www.kerntecdoc.com\/de\/#\/schema\/logo\/image\/","url":"https:\/\/www.kerntecdoc.com\/wp-content\/uploads\/2026\/01\/kern-techdoc-logo.svg","contentUrl":"https:\/\/www.kerntecdoc.com\/wp-content\/uploads\/2026\/01\/kern-techdoc-logo.svg","width":805,"height":238,"caption":"KERN TecDoc"},"image":{"@id":"https:\/\/www.kerntecdoc.com\/de\/#\/schema\/logo\/image\/"}}]}},"_links":{"self":[{"href":"https:\/\/www.kerntecdoc.com\/de\/wp-json\/wp\/v2\/pages\/1158","targetHints":{"allow":["GET"]}}],"collection":[{"href":"https:\/\/www.kerntecdoc.com\/de\/wp-json\/wp\/v2\/pages"}],"about":[{"href":"https:\/\/www.kerntecdoc.com\/de\/wp-json\/wp\/v2\/types\/page"}],"author":[{"embeddable":true,"href":"https:\/\/www.kerntecdoc.com\/de\/wp-json\/wp\/v2\/users\/7"}],"replies":[{"embeddable":true,"href":"https:\/\/www.kerntecdoc.com\/de\/wp-json\/wp\/v2\/comments?post=1158"}],"version-history":[{"count":10,"href":"https:\/\/www.kerntecdoc.com\/de\/wp-json\/wp\/v2\/pages\/1158\/revisions"}],"predecessor-version":[{"id":4016,"href":"https:\/\/www.kerntecdoc.com\/de\/wp-json\/wp\/v2\/pages\/1158\/revisions\/4016"}],"wp:attachment":[{"href":"https:\/\/www.kerntecdoc.com\/de\/wp-json\/wp\/v2\/media?parent=1158"}],"wp:term":[{"taxonomy":"folder","embeddable":true,"href":"https:\/\/www.kerntecdoc.com\/de\/wp-json\/wp\/v2\/folder?post=1158"}],"curies":[{"name":"wp","href":"https:\/\/api.w.org\/{rel}","templated":true}]}}