{"id":2713,"date":"2026-01-14T13:31:12","date_gmt":"2026-01-14T12:31:12","guid":{"rendered":"https:\/\/www.kerntecdoc.com\/privacy-policy\/"},"modified":"2026-02-18T08:01:32","modified_gmt":"2026-02-18T07:01:32","slug":"privacy-policy","status":"publish","type":"page","link":"https:\/\/www.kerntecdoc.com\/en\/privacy-policy\/","title":{"rendered":"Privacy policy"},"content":{"rendered":"\t\t<div data-elementor-type=\"wp-page\" data-elementor-id=\"2713\" class=\"elementor elementor-2713 elementor-3\" data-elementor-post-type=\"page\">\n\t\t\t\t<div class=\"elementor-element elementor-element-e4a431f e-flex e-con-boxed e-con e-parent\" data-id=\"e4a431f\" data-element_type=\"container\" data-e-type=\"container\">\n\t\t\t\t\t<div class=\"e-con-inner\">\n\t\t\t\t<div class=\"elementor-element elementor-element-21d7f2b elementor-widget elementor-widget-breadcrumbs\" data-id=\"21d7f2b\" data-element_type=\"widget\" data-e-type=\"widget\" data-widget_type=\"breadcrumbs.default\">\n\t\t\t\t\t<p id=\"breadcrumbs\"><span><span><a href=\"https:\/\/www.kerntecdoc.com\/en\/\">Home<\/a><\/span><\/span><\/p>\t\t\t\t<\/div>\n\t\t\t\t\t<\/div>\n\t\t\t\t<\/div>\n\t\t<div class=\"elementor-element elementor-element-710f366 e-flex e-con-boxed e-con e-parent\" data-id=\"710f366\" data-element_type=\"container\" data-e-type=\"container\">\n\t\t\t\t\t<div class=\"e-con-inner\">\n\t\t<div class=\"elementor-element elementor-element-7931a43 e-con-full e-flex e-con e-child\" data-id=\"7931a43\" data-element_type=\"container\" data-e-type=\"container\">\n\t\t<div class=\"elementor-element elementor-element-7d9a190 e-con-full e-flex e-con e-child\" data-id=\"7d9a190\" data-element_type=\"container\" data-e-type=\"container\" data-settings=\"{&quot;background_background&quot;:&quot;gradient&quot;}\">\n\t\t\t\t<\/div>\n\t\t\t\t<div class=\"elementor-element elementor-element-5e615f4 elementor-widget elementor-widget-heading\" data-id=\"5e615f4\" data-element_type=\"widget\" data-e-type=\"widget\" data-widget_type=\"heading.default\">\n\t\t\t\t\t<h1 class=\"elementor-heading-title elementor-size-default\">Privacy policy of KERN Global Language Services<\/h1>\t\t\t\t<\/div>\n\t\t\t\t<div class=\"elementor-element elementor-element-5e41ccf elementor-widget elementor-widget-heading\" data-id=\"5e41ccf\" data-element_type=\"widget\" data-e-type=\"widget\" data-widget_type=\"heading.default\">\n\t\t\t\t\t<div class=\"elementor-heading-title elementor-size-default\">As of January 2026<\/div>\t\t\t\t<\/div>\n\t\t\t\t<div class=\"elementor-element elementor-element-de9ac3b elementor-widget elementor-widget-text-editor\" data-id=\"de9ac3b\" data-element_type=\"widget\" data-e-type=\"widget\" data-widget_type=\"text-editor.default\">\n\t\t\t\t\t\t\t\t\t<h2>1. Data protection at a glance<\/h2><p><b>General information<\/b><\/p><p>The following information provides a simple overview of what happens to your personal data when you visit our website. Personal data is any data that can be used to identify you personally. <\/p><p><b>Responsible for data collection on this website<\/b><\/p><p>Data processing on this website is carried out by the website operator:<\/p><p>KERN Global Language Services<br>Kurf\u00fcrstenstra\u00dfe 1<br>60486 Frankfurt am Main<\/p><p>Tel: <a href=\"http:\/\/tel:+49697560730\" target=\"_blank\" rel=\"noopener\">(069) 75 60 73-555<\/a><br>E-Mail: <a href=\"mailto:info@e-kern.com\" target=\"_blank\" rel=\"noopener\">tecdoku@e-kern.com<\/a><br>Web: <a href=\"https:\/\/www.e-kern.com\/\">www.kerntecdoc.com<\/a><\/p><p><b>Our data protection officer:<\/b><\/p><p>RA Ilja Jordy<br>E-Mail: <a href=\"mailto:datenschutz@e-kern.com\">datenschutz@e-kern.com<\/a><\/p><p><b>How do we collect your data?<\/b><\/p><p>Your data is collected when you provide it to us. This may include, for example, data that you enter in a contact form or submit when registering for a newsletter. <\/p><p>Other data is collected automatically or with your consent when you visit the website by our IT systems. This is primarily technical data (e.g. internet browser, operating system or time of page view) as well as data on your usage behaviour. <\/p>\t\t\t\t\t\t\t\t<\/div>\n\t\t\t\t<div class=\"elementor-element elementor-element-087b9ca elementor-widget elementor-widget-text-editor\" data-id=\"087b9ca\" data-element_type=\"widget\" data-e-type=\"widget\" data-widget_type=\"text-editor.default\">\n\t\t\t\t\t\t\t\t\t<h2>2. Hosting<\/h2>\n<p>We host our website with our service provider:<\/p>\n<p>Plutex GmbH<br>Hermann-Ritter-Str. 110<br>28197 Bremen<br>(hereinafter referred to as \u2018Plutex\u2019) <\/p>\n<p>When you visit our website, Plutex collects various log files, including your IP addresses.<br>For details on data processing, please refer to Plutex&#8217;s privacy policy: <a href=\"https:\/\/www.plutex.de\/datenschutz\" target=\"_blank\" rel=\"noopener\">https:\/\/www.plutex.de\/datenschutz<\/a>. <\/p>\n<p>Die Nutzung von Plutex erfolgt auf Grundlage von Artikel 6 Absatz 1 Buchstabe f DSGVO. Wir haben ein berechtigtes Interesse daran, die bestm\u00f6gliche Darstellung unserer Website sicherzustellen. Wurde eine entsprechende Einwilligung eingeholt, erfolgt die Verarbeitung ausschlie\u00dflich auf Grundlage von Artikel 6 Absatz 1 Buchstabe a DSGVO; diese Einwilligung kann jederzeit widerrufen werden.      <\/p>\n<p>Order processing<br>We have concluded an order processing agreement (AVV) with the above-mentioned provider. This is a contract required by data protection law, which ensures that the provider only processes the personal data of our website visitors in accordance with our instructions and in compliance with the GDPR. <\/p>\t\t\t\t\t\t\t\t<\/div>\n\t\t\t\t<div class=\"elementor-element elementor-element-f8fbcdb elementor-widget elementor-widget-text-editor\" data-id=\"f8fbcdb\" data-element_type=\"widget\" data-e-type=\"widget\" data-widget_type=\"text-editor.default\">\n\t\t\t\t\t\t\t\t\t<h2>3. Consent and cookie management<\/h2>\n<p><b>Consentmanager<\/b><\/p>\n<p>Our website uses consent technology from consentmanager.net to obtain your consent to store certain cookies on your device or to use certain technologies and to document this in accordance with data protection regulations. This technology is provided by Consentmanager AB, H\u00e5ltegelv\u00e4gen 1b, 72348 V\u00e4ster\u00e5s, Sweden (hereinafter referred to as \u201cConsentmanager\u201d). <\/p>\n<p>When you visit our website, a connection is established to the Consentmanager servers in order to obtain your consent and other declarations regarding the use of cookies. Consentmanager then stores a cookie in your browser in order to be able to assign the consents you have given or their revocation to you. The data collected in this way is stored until you request us to delete it, delete the Consentmanager cookie yourself, or the purpose for data storage no longer applies. Mandatory legal retention obligations remain unaffected.   <\/p>\n<p>Consentmanager is used to obtain the legally required consent for the use of cookies. The legal basis for this is Art. 6 (1) (c) GDPR.   <\/p>\t\t\t\t\t\t\t\t<\/div>\n\t\t\t\t<div class=\"elementor-element elementor-element-3b52b51 elementor-widget elementor-widget-text-editor\" data-id=\"3b52b51\" data-element_type=\"widget\" data-e-type=\"widget\" data-widget_type=\"text-editor.default\">\n\t\t\t\t\t\t\t\t\t<h2>4. Analysis and advertising<\/h2>\n<p><b>Matomo (Cookieless) <\/b><\/p>\n<p>We use the open source software Matomo on this website to analyze the surfing behavior of our users. We have configured Matomo so that no cookies are stored on your device. The analysis is carried out using so-called fingerprinting, which changes with each page view and does not allow permanent identification.  <\/p>\n<p>Your IP address is immediately anonymized during processing (e.g., by truncating the last digits) so that you remain anonymous to us as a user. The data collected by Matomo is stored on our own servers (or at our host Plutex in Germany) and is not passed on to third parties. <\/p>\n<p>The use of this analysis tool is based on Art. 6 para. 1 lit. f GDPR. The website operator has a legitimate interest in the anonymous analysis of user behavior in order to optimize both its website and its advertising. Since no cookies are set and the IP address is anonymized, no consent is required for this form of reach measurement.    <\/p>\n<p>If you still do not agree to the storage and use of your data, you can deactivate the storage and use here:<\/p>\t\t\t\t\t\t\t\t<\/div>\n\t\t\t\t<div class=\"elementor-element elementor-element-2ffd0a7 elementor-widget elementor-widget-wp-widget-custom_html\" data-id=\"2ffd0a7\" data-element_type=\"widget\" data-e-type=\"widget\" data-widget_type=\"wp-widget-custom_html.default\">\n\t\t\t\t<div class=\"elementor-widget-container\">\n\t\t\t\t\t<div class=\"textwidget custom-html-widget\"><div id=\"matomo-opt-out\"><\/div>\r\n<\/div>\t\t\t\t<\/div>\n\t\t\t\t<\/div>\n\t\t\t\t<div class=\"elementor-element elementor-element-dd87d09 elementor-widget elementor-widget-text-editor\" data-id=\"dd87d09\" data-element_type=\"widget\" data-e-type=\"widget\" data-widget_type=\"text-editor.default\">\n\t\t\t\t\t\t\t\t\t<p><b>Google Analytics 4 (GA4) <\/b><\/p>\n<p>If you have given your consent, Google Analytics 4, a web analytics service provided by Google LLC, is also used on this website. The responsible body for users in the EU\/EEA and Switzerland is Google Ireland Limited, Google Building Gordon House, 4 Barrow St, Dublin, D04 E5W5, Ireland (\u201cGoogle\u201d). <\/p>\n<p><b>Nature and purpose of processing <\/b><\/p>\n<p>Google Analytics uses cookies that enable an analysis of your use of our websites. The information collected by the cookies is usually transferred to a Google server in the USA and stored there. With Google Analytics 4, IP anonymization is enabled by default. Due to IP anonymization, your IP address will be truncated by Google within member states of the European Union or in other signatory states to the Agreement on the European Economic Area.   <\/p>\n<p><b>Legal basis and revocation<\/b><\/p>\n<p>The legal basis for this data processing is your consent in accordance with Art. 6 (1) (a) GDPR. You can revoke your consent at any time with future effect by accessing the cookie settings via our consent manager.   <\/p>\n<p><b style=\"font-size: 1.25rem;\">Data transfer to the USA <\/b><\/p>\n<p>Google also processes data in the United States. We would like to point out that Google is certified under the EU-US Data Privacy Framework (DPF). The DPF is an agreement between the European Union and the United States that is intended to ensure compliance with European data protection standards when data is processed in the United States.  <\/p>\n<p><span style=\"font-size: 1.25rem;\"><b>Storage period <\/b><\/span><\/p>\n<p><span style=\"font-size: 1.25rem;\">The data we send and link to cookies is automatically deleted after 14 months.<\/span><\/p>\t\t\t\t\t\t\t\t<\/div>\n\t\t\t\t<div class=\"elementor-element elementor-element-8fb5194 elementor-widget elementor-widget-text-editor\" data-id=\"8fb5194\" data-element_type=\"widget\" data-e-type=\"widget\" data-widget_type=\"text-editor.default\">\n\t\t\t\t\t\t\t\t\t<h2>5. Newsletter and contact<\/h2>\n<p><b>Contact form <\/b><\/p>\n<p>If you send us inquiries via the contact form, your details from the inquiry form, including the contact details you provided there, will be stored by us for the purpose of processing the inquiry and in case of follow-up questions. We will not pass on this data without your consent. The processing of this data is based on Art. 6 (1) lit. b GDPR (contract fulfillment\/initiation) or Art. 6 (1) lit. f GDPR (legitimate interest in processing).      <\/p>\n<p><b>Newsletter &amp; service provider (Brevo) <\/b><\/p>\n<p>This website uses Brevo (formerly Sendinblue \/ Newsletter2Go) to send newsletters. The provider is Sendinblue GmbH, K\u00f6penicker Stra\u00dfe 126, 10179 Berlin, Germany, or its parent company Brevo SAS, Paris. <\/p>\n<p>The data you enter is stored on Brevo&#8217;s servers (usually located in Germany or the EU). With the help of Brevo, we can analyze our newsletter campaigns (opening rates, clicks). Data processing is based on your consent (Art. 6 (1) (a) GDPR). You can revoke this consent at any time by unsubscribing from the newsletter.   <\/p>\n<p><b>Data processing agreement <\/b><\/p>\n<p>We have concluded a data processing agreement (DPA) with Brevo that ensures compliance with the GDPR.<\/p>\t\t\t\t\t\t\t\t<\/div>\n\t\t\t\t<div class=\"elementor-element elementor-element-5f605ec elementor-widget elementor-widget-text-editor\" data-id=\"5f605ec\" data-element_type=\"widget\" data-e-type=\"widget\" data-widget_type=\"text-editor.default\">\n\t\t\t\t\t\t\t\t\t<h2>6. Customer account and orders<\/h2>\n<p><strong>Customer Account <\/strong><\/p>\n<p>By opening a customer account, you consent to the storage of your inventory data (name, address, email address, bank details) and your user data (username, password). This data is used to identify you as a customer and to enable you to manage your data. Processing is based on your consent in accordance with Art. 6 (1) (a) GDPR.    <\/p>\n<p><strong>Processing of data (customer and contract data) <\/strong><\/p>\n<p>We collect, process, and use personal data only to the extent necessary for the establishment, content, or modification of the legal relationship (inventory data). This is done on the basis of Art. 6 (1) lit. b GDPR.   <\/p>\t\t\t\t\t\t\t\t<\/div>\n\t\t\t\t<div class=\"elementor-element elementor-element-6c807bb elementor-widget elementor-widget-text-editor\" data-id=\"6c807bb\" data-element_type=\"widget\" data-e-type=\"widget\" data-widget_type=\"text-editor.default\">\n\t\t\t\t\t\t\t\t\t<h2>7. Career section (applications)<\/h2>\n<p>When you send us your application, we process your associated personal data (e.g., contact and communication data, application documents) to the extent necessary to decide whether to establish an employment relationship. The legal basis for this is Section 26 of the German Federal Data Protection Act (BDSG) and Article 6(1)(b) of the GDPR.   <\/p>\t\t\t\t\t\t\t\t<\/div>\n\t\t\t\t<div class=\"elementor-element elementor-element-9aa76a2 elementor-widget elementor-widget-text-editor\" data-id=\"9aa76a2\" data-element_type=\"widget\" data-e-type=\"widget\" data-widget_type=\"text-editor.default\">\n\t\t\t\t\t\t\t\t\t<h2>8. Your rights as a data subject<\/h2>\n<p>You have the right to obtain information free of charge at any time about your stored personal data, its origin and recipients, and the purpose of data processing, as well as the right to correct or delete this data. If you have given your consent to data processing, you can revoke this at any time for the future. You also have the right to request the restriction of processing and the right to lodge a complaint with the competent supervisory authority.  <\/p>\n<p>To exercise these rights, please contact our Data Protection Officer (<a href=\"mailto:datenschutz@e-kern.com\">datenschutz@e-kern.com<\/a>).<\/p>\t\t\t\t\t\t\t\t<\/div>\n\t\t\t\t<\/div>\n\t\t\t\t\t<\/div>\n\t\t\t\t<\/div>\n\t\t\t\t<\/div>\n\t\t","protected":false},"excerpt":{"rendered":"<p>Privacy policy of KERN Global Language Services As of January 2026 1. Data protection at a glance General information The following information provides a simple overview of what happens to your personal data when you visit our website. Personal data is any data that can be used to identify you personally. Responsible for data collection [&hellip;]<\/p>\n","protected":false},"author":4,"featured_media":0,"parent":0,"menu_order":0,"comment_status":"closed","ping_status":"closed","template":"","meta":{"_relevanssi_hide_post":"","_relevanssi_hide_content":"","_relevanssi_pin_for_all":"","_relevanssi_pin_keywords":"","_relevanssi_unpin_keywords":"","_relevanssi_related_keywords":"","_relevanssi_related_include_ids":"","_relevanssi_related_exclude_ids":"","_relevanssi_related_no_append":"","_relevanssi_related_not_related":"","_relevanssi_related_posts":"","_relevanssi_noindex_reason":"","footnotes":""},"folder":[52],"class_list":["post-2713","page","type-page","status-publish","hentry"],"yoast_head":"<!-- This site is optimized with the Yoast SEO plugin v27.3 - https:\/\/yoast.com\/product\/yoast-seo-wordpress\/ -->\n<title>Privacy policy - KERN TecDoc<\/title>\n<meta name=\"robots\" content=\"index, follow, max-snippet:-1, max-image-preview:large, max-video-preview:-1\" \/>\n<link rel=\"canonical\" href=\"https:\/\/www.kerntecdoc.com\/en\/privacy-policy\/\" \/>\n<meta property=\"og:locale\" content=\"en_GB\" \/>\n<meta property=\"og:type\" content=\"article\" \/>\n<meta property=\"og:title\" content=\"Privacy policy - KERN TecDoc\" \/>\n<meta property=\"og:description\" content=\"Privacy policy of KERN Global Language Services As of January 2026 1. Data protection at a glance General information The following information provides a simple overview of what happens to your personal data when you visit our website. Personal data is any data that can be used to identify you personally. Responsible for data collection [&hellip;]\" \/>\n<meta property=\"og:url\" content=\"https:\/\/www.kerntecdoc.com\/en\/privacy-policy\/\" \/>\n<meta property=\"og:site_name\" content=\"KERN TecDoc\" \/>\n<meta property=\"article:modified_time\" content=\"2026-02-18T07:01:32+00:00\" \/>\n<meta name=\"twitter:card\" content=\"summary_large_image\" \/>\n<meta name=\"twitter:label1\" content=\"Estimated reading time\" \/>\n\t<meta name=\"twitter:data1\" content=\"7 minutes\" \/>\n<script type=\"application\/ld+json\" class=\"yoast-schema-graph\">{\"@context\":\"https:\\\/\\\/schema.org\",\"@graph\":[{\"@type\":\"WebPage\",\"@id\":\"https:\\\/\\\/www.kerntecdoc.com\\\/en\\\/privacy-policy\\\/\",\"url\":\"https:\\\/\\\/www.kerntecdoc.com\\\/en\\\/privacy-policy\\\/\",\"name\":\"Privacy policy - KERN TecDoc\",\"isPartOf\":{\"@id\":\"https:\\\/\\\/www.kerntecdoc.com\\\/en\\\/#website\"},\"datePublished\":\"2026-01-14T12:31:12+00:00\",\"dateModified\":\"2026-02-18T07:01:32+00:00\",\"breadcrumb\":{\"@id\":\"https:\\\/\\\/www.kerntecdoc.com\\\/en\\\/privacy-policy\\\/#breadcrumb\"},\"inLanguage\":\"en-GB\",\"potentialAction\":[{\"@type\":\"ReadAction\",\"target\":[\"https:\\\/\\\/www.kerntecdoc.com\\\/en\\\/privacy-policy\\\/\"]}]},{\"@type\":\"BreadcrumbList\",\"@id\":\"https:\\\/\\\/www.kerntecdoc.com\\\/en\\\/privacy-policy\\\/#breadcrumb\",\"itemListElement\":[{\"@type\":\"ListItem\",\"position\":1,\"name\":\"Home\",\"item\":\"https:\\\/\\\/www.kerntecdoc.com\\\/en\\\/\"},{\"@type\":\"ListItem\",\"position\":2,\"name\":\"Privacy policy\"}]},{\"@type\":\"WebSite\",\"@id\":\"https:\\\/\\\/www.kerntecdoc.com\\\/en\\\/#website\",\"url\":\"https:\\\/\\\/www.kerntecdoc.com\\\/en\\\/\",\"name\":\"KERN TecDoc\",\"description\":\"Wir erstellen, optimieren, \u00fcbersetzen Ihre Dokumentation normgerecht und verst\u00e4ndlich.\",\"publisher\":{\"@id\":\"https:\\\/\\\/www.kerntecdoc.com\\\/en\\\/#organization\"},\"potentialAction\":[{\"@type\":\"SearchAction\",\"target\":{\"@type\":\"EntryPoint\",\"urlTemplate\":\"https:\\\/\\\/www.kerntecdoc.com\\\/en\\\/?s={search_term_string}\"},\"query-input\":{\"@type\":\"PropertyValueSpecification\",\"valueRequired\":true,\"valueName\":\"search_term_string\"}}],\"inLanguage\":\"en-GB\"},{\"@type\":\"Organization\",\"@id\":\"https:\\\/\\\/www.kerntecdoc.com\\\/en\\\/#organization\",\"name\":\"KERN TecDoc\",\"url\":\"https:\\\/\\\/www.kerntecdoc.com\\\/en\\\/\",\"logo\":{\"@type\":\"ImageObject\",\"inLanguage\":\"en-GB\",\"@id\":\"https:\\\/\\\/www.kerntecdoc.com\\\/en\\\/#\\\/schema\\\/logo\\\/image\\\/\",\"url\":\"https:\\\/\\\/www.kerntecdoc.com\\\/wp-content\\\/uploads\\\/2026\\\/01\\\/kern-techdoc-logo.svg\",\"contentUrl\":\"https:\\\/\\\/www.kerntecdoc.com\\\/wp-content\\\/uploads\\\/2026\\\/01\\\/kern-techdoc-logo.svg\",\"width\":805,\"height\":238,\"caption\":\"KERN TecDoc\"},\"image\":{\"@id\":\"https:\\\/\\\/www.kerntecdoc.com\\\/en\\\/#\\\/schema\\\/logo\\\/image\\\/\"}}]}<\/script>\n<!-- \/ Yoast SEO plugin. -->","yoast_head_json":{"title":"Privacy policy - KERN TecDoc","robots":{"index":"index","follow":"follow","max-snippet":"max-snippet:-1","max-image-preview":"max-image-preview:large","max-video-preview":"max-video-preview:-1"},"canonical":"https:\/\/www.kerntecdoc.com\/en\/privacy-policy\/","og_locale":"en_GB","og_type":"article","og_title":"Privacy policy - KERN TecDoc","og_description":"Privacy policy of KERN Global Language Services As of January 2026 1. Data protection at a glance General information The following information provides a simple overview of what happens to your personal data when you visit our website. Personal data is any data that can be used to identify you personally. Responsible for data collection [&hellip;]","og_url":"https:\/\/www.kerntecdoc.com\/en\/privacy-policy\/","og_site_name":"KERN TecDoc","article_modified_time":"2026-02-18T07:01:32+00:00","twitter_card":"summary_large_image","twitter_misc":{"Estimated reading time":"7 minutes"},"schema":{"@context":"https:\/\/schema.org","@graph":[{"@type":"WebPage","@id":"https:\/\/www.kerntecdoc.com\/en\/privacy-policy\/","url":"https:\/\/www.kerntecdoc.com\/en\/privacy-policy\/","name":"Privacy policy - KERN TecDoc","isPartOf":{"@id":"https:\/\/www.kerntecdoc.com\/en\/#website"},"datePublished":"2026-01-14T12:31:12+00:00","dateModified":"2026-02-18T07:01:32+00:00","breadcrumb":{"@id":"https:\/\/www.kerntecdoc.com\/en\/privacy-policy\/#breadcrumb"},"inLanguage":"en-GB","potentialAction":[{"@type":"ReadAction","target":["https:\/\/www.kerntecdoc.com\/en\/privacy-policy\/"]}]},{"@type":"BreadcrumbList","@id":"https:\/\/www.kerntecdoc.com\/en\/privacy-policy\/#breadcrumb","itemListElement":[{"@type":"ListItem","position":1,"name":"Home","item":"https:\/\/www.kerntecdoc.com\/en\/"},{"@type":"ListItem","position":2,"name":"Privacy policy"}]},{"@type":"WebSite","@id":"https:\/\/www.kerntecdoc.com\/en\/#website","url":"https:\/\/www.kerntecdoc.com\/en\/","name":"KERN TecDoc","description":"Wir erstellen, optimieren, \u00fcbersetzen Ihre Dokumentation normgerecht und verst\u00e4ndlich.","publisher":{"@id":"https:\/\/www.kerntecdoc.com\/en\/#organization"},"potentialAction":[{"@type":"SearchAction","target":{"@type":"EntryPoint","urlTemplate":"https:\/\/www.kerntecdoc.com\/en\/?s={search_term_string}"},"query-input":{"@type":"PropertyValueSpecification","valueRequired":true,"valueName":"search_term_string"}}],"inLanguage":"en-GB"},{"@type":"Organization","@id":"https:\/\/www.kerntecdoc.com\/en\/#organization","name":"KERN TecDoc","url":"https:\/\/www.kerntecdoc.com\/en\/","logo":{"@type":"ImageObject","inLanguage":"en-GB","@id":"https:\/\/www.kerntecdoc.com\/en\/#\/schema\/logo\/image\/","url":"https:\/\/www.kerntecdoc.com\/wp-content\/uploads\/2026\/01\/kern-techdoc-logo.svg","contentUrl":"https:\/\/www.kerntecdoc.com\/wp-content\/uploads\/2026\/01\/kern-techdoc-logo.svg","width":805,"height":238,"caption":"KERN TecDoc"},"image":{"@id":"https:\/\/www.kerntecdoc.com\/en\/#\/schema\/logo\/image\/"}}]}},"_links":{"self":[{"href":"https:\/\/www.kerntecdoc.com\/en\/wp-json\/wp\/v2\/pages\/2713","targetHints":{"allow":["GET"]}}],"collection":[{"href":"https:\/\/www.kerntecdoc.com\/en\/wp-json\/wp\/v2\/pages"}],"about":[{"href":"https:\/\/www.kerntecdoc.com\/en\/wp-json\/wp\/v2\/types\/page"}],"author":[{"embeddable":true,"href":"https:\/\/www.kerntecdoc.com\/en\/wp-json\/wp\/v2\/users\/4"}],"replies":[{"embeddable":true,"href":"https:\/\/www.kerntecdoc.com\/en\/wp-json\/wp\/v2\/comments?post=2713"}],"version-history":[{"count":6,"href":"https:\/\/www.kerntecdoc.com\/en\/wp-json\/wp\/v2\/pages\/2713\/revisions"}],"predecessor-version":[{"id":2760,"href":"https:\/\/www.kerntecdoc.com\/en\/wp-json\/wp\/v2\/pages\/2713\/revisions\/2760"}],"wp:attachment":[{"href":"https:\/\/www.kerntecdoc.com\/en\/wp-json\/wp\/v2\/media?parent=2713"}],"wp:term":[{"taxonomy":"folder","embeddable":true,"href":"https:\/\/www.kerntecdoc.com\/en\/wp-json\/wp\/v2\/folder?post=2713"}],"curies":[{"name":"wp","href":"https:\/\/api.w.org\/{rel}","templated":true}]}}