{"id":3633,"date":"2026-02-11T10:36:45","date_gmt":"2026-02-11T09:36:45","guid":{"rendered":"https:\/\/www.kerntecdoc.com\/dziekujemy-za-zapytanie\/"},"modified":"2026-03-09T16:49:11","modified_gmt":"2026-03-09T15:49:11","slug":"dziekujemy-za-zapytanie","status":"publish","type":"page","link":"https:\/\/www.kerntecdoc.com\/pl\/dziekujemy-za-zapytanie\/","title":{"rendered":"Dzi\u0119kujemy za zapytanie"},"content":{"rendered":"\t\t<div data-elementor-type=\"wp-page\" data-elementor-id=\"3633\" class=\"elementor elementor-3633 elementor-1158\" data-elementor-post-type=\"page\">\n\t\t\t\t<div class=\"elementor-element elementor-element-2586add e-flex e-con-boxed e-con e-parent\" data-id=\"2586add\" data-element_type=\"container\" data-e-type=\"container\">\n\t\t\t\t\t<div class=\"e-con-inner\">\n\t\t\t\t<div class=\"elementor-element elementor-element-4fcdf08 elementor-widget elementor-widget-breadcrumbs\" data-id=\"4fcdf08\" data-element_type=\"widget\" data-e-type=\"widget\" data-widget_type=\"breadcrumbs.default\">\n\t\t\t\t\t<p id=\"breadcrumbs\"><span><span><a href=\"https:\/\/www.kerntecdoc.com\/pl\/\">Startseite<\/a><\/span><\/span><\/p>\t\t\t\t<\/div>\n\t\t\t\t\t<\/div>\n\t\t\t\t<\/div>\n\t\t<div class=\"elementor-element elementor-element-b1a0f78 e-flex e-con-boxed e-con e-parent\" data-id=\"b1a0f78\" data-element_type=\"container\" data-e-type=\"container\">\n\t\t\t\t\t<div class=\"e-con-inner\">\n\t\t<div class=\"elementor-element elementor-element-93bbb45 e-con-full e-flex e-con e-child\" data-id=\"93bbb45\" data-element_type=\"container\" data-e-type=\"container\">\n\t\t<div class=\"elementor-element elementor-element-46b7624 e-con-full e-flex e-con e-child\" data-id=\"46b7624\" data-element_type=\"container\" data-e-type=\"container\" data-settings=\"{&quot;background_background&quot;:&quot;gradient&quot;}\">\n\t\t\t\t<\/div>\n\t\t\t\t<div class=\"elementor-element elementor-element-90cea64 elementor-widget elementor-widget-heading\" data-id=\"90cea64\" data-element_type=\"widget\" data-e-type=\"widget\" data-widget_type=\"heading.default\">\n\t\t\t\t\t<h1 class=\"elementor-heading-title elementor-size-default\">Dzi\u0119kujemy za zapytanie do KERN TecDoc<\/h1>\t\t\t\t<\/div>\n\t\t\t\t<div class=\"elementor-element elementor-element-88cfbe8 elementor-widget elementor-widget-text-editor\" data-id=\"88cfbe8\" data-element_type=\"widget\" data-e-type=\"widget\" data-widget_type=\"text-editor.default\">\n\t\t\t\t\t\t\t\t\tSzanowni Pa\u0144stwo, dzi\u0119kujemy za kontakt za po\u015brednictwem naszego formularza online! Otrzymali\u015bmy Pa\u0144stwa wiadomo\u015b\u0107, kt&oacute;ra zostanie teraz dok\u0142adnie sprawdzona przez nasz zesp&oacute;\u0142. <strong>Co si\u0119 teraz stanie?<\/strong><ol>\n \t<li>Zazwyczaj rozpatrujemy zapytania w ci\u0105gu 24 godzin.<\/li>\n \t<li>W razie pyta\u0144 skontaktuje si\u0119 z Pa\u0144stwem Pa\u0144stwa osobisty doradca.<\/li>\n \t<li>Nast\u0119pnie otrzymaj\u0105 Pa\u0144stwo odpowied\u017a zawieraj\u0105c\u0105 wszystkie niezb\u0119dne informacje.<\/li>\n<\/ol>Je\u015bli w mi\u0119dzyczasie pojawi\u0105 pilne sprawy, prosimy o kontakt telefoniczny pod numerem <a href=\"tel:+49697560 73555\">(069) 75 60 73-555<\/a> lub e-mailowy pod adresem <a href=\"mailto:tecdoku@e-kern.com\">tecdoku@e-kern.com<\/a>. Jeszcze raz dzi\u0119kujemy za zaufanie, jakim obdarzyli Pa\u0144stwo KERN. Cieszymy si\u0119, \u017ce mo\u017cemy Pa\u0144stwu pom&oacute;c! Z powa\u017caniem, zesp&oacute;\u0142 KERN TecDoc <em>Informacja dotycz\u0105ca ochrony danych osobowych: Pa\u0144stwa dane b\u0119d\u0105 traktowane poufnie i nie b\u0119d\u0105 przekazywane osobom trzecim. Wi\u0119cej informacji znajd\u0105 Pa\u0144stwo w naszej <a href=\"https:\/\/www.kerntecdoc.com\/pl\/polityka-prywatnosci\/\">polityce prywatno\u015bci<\/a>.<\/em>\t\t\t\t\t\t\t\t<\/div>\n\t\t\t\t<\/div>\n\t\t\t\t\t<\/div>\n\t\t\t\t<\/div>\n\t\t\t\t<\/div>\n\t\t","protected":false},"excerpt":{"rendered":"<p>Dzi\u0119kujemy za zapytanie do KERN TecDoc Szanowni Pa\u0144stwo, dzi\u0119kujemy za kontakt za po\u015brednictwem naszego formularza online! Otrzymali\u015bmy Pa\u0144stwa wiadomo\u015b\u0107, kt&oacute;ra zostanie teraz dok\u0142adnie sprawdzona przez nasz zesp&oacute;\u0142. Co si\u0119 teraz stanie? Zazwyczaj rozpatrujemy zapytania w ci\u0105gu 24 godzin. W razie pyta\u0144 skontaktuje si\u0119 z Pa\u0144stwem Pa\u0144stwa osobisty doradca. Nast\u0119pnie otrzymaj\u0105 Pa\u0144stwo odpowied\u017a zawieraj\u0105c\u0105 wszystkie niezb\u0119dne [&hellip;]<\/p>\n","protected":false},"author":7,"featured_media":0,"parent":0,"menu_order":0,"comment_status":"closed","ping_status":"closed","template":"","meta":{"_relevanssi_hide_post":"","_relevanssi_hide_content":"","_relevanssi_pin_for_all":"","_relevanssi_pin_keywords":"","_relevanssi_unpin_keywords":"","_relevanssi_related_keywords":"","_relevanssi_related_include_ids":"","_relevanssi_related_exclude_ids":"","_relevanssi_related_no_append":"","_relevanssi_related_not_related":"","_relevanssi_related_posts":"","_relevanssi_noindex_reason":"","footnotes":""},"folder":[],"class_list":["post-3633","page","type-page","status-publish","hentry"],"yoast_head":"<!-- This site is optimized with the Yoast SEO plugin v27.5 - https:\/\/yoast.com\/product\/yoast-seo-wordpress\/ -->\n<title>Dzi\u0119kujemy za zapytanie - KERN TecDoc<\/title>\n<meta name=\"robots\" content=\"index, follow, max-snippet:-1, max-image-preview:large, max-video-preview:-1\" \/>\n<link rel=\"canonical\" href=\"https:\/\/www.kerntecdoc.com\/pl\/dziekujemy-za-zapytanie\/\" \/>\n<meta property=\"og:locale\" content=\"pl_PL\" \/>\n<meta property=\"og:type\" content=\"article\" \/>\n<meta property=\"og:title\" content=\"Dzi\u0119kujemy za zapytanie - KERN TecDoc\" \/>\n<meta property=\"og:description\" content=\"Dzi\u0119kujemy za zapytanie do KERN TecDoc Szanowni Pa\u0144stwo, dzi\u0119kujemy za kontakt za po\u015brednictwem naszego formularza online! Otrzymali\u015bmy Pa\u0144stwa wiadomo\u015b\u0107, kt&oacute;ra zostanie teraz dok\u0142adnie sprawdzona przez nasz zesp&oacute;\u0142. Co si\u0119 teraz stanie? Zazwyczaj rozpatrujemy zapytania w ci\u0105gu 24 godzin. W razie pyta\u0144 skontaktuje si\u0119 z Pa\u0144stwem Pa\u0144stwa osobisty doradca. Nast\u0119pnie otrzymaj\u0105 Pa\u0144stwo odpowied\u017a zawieraj\u0105c\u0105 wszystkie niezb\u0119dne [&hellip;]\" \/>\n<meta property=\"og:url\" content=\"https:\/\/www.kerntecdoc.com\/pl\/dziekujemy-za-zapytanie\/\" \/>\n<meta property=\"og:site_name\" content=\"KERN TecDoc\" \/>\n<meta property=\"article:modified_time\" content=\"2026-03-09T15:49:11+00:00\" \/>\n<meta name=\"twitter:card\" content=\"summary_large_image\" \/>\n<meta name=\"twitter:label1\" content=\"Szacowany czas czytania\" \/>\n\t<meta name=\"twitter:data1\" content=\"1 minuta\" \/>\n<script type=\"application\/ld+json\" class=\"yoast-schema-graph\">{\"@context\":\"https:\\\/\\\/schema.org\",\"@graph\":[{\"@type\":\"WebPage\",\"@id\":\"https:\\\/\\\/www.kerntecdoc.com\\\/pl\\\/dziekujemy-za-zapytanie\\\/\",\"url\":\"https:\\\/\\\/www.kerntecdoc.com\\\/pl\\\/dziekujemy-za-zapytanie\\\/\",\"name\":\"Dzi\u0119kujemy za zapytanie - KERN TecDoc\",\"isPartOf\":{\"@id\":\"https:\\\/\\\/www.kerntecdoc.com\\\/pl\\\/#website\"},\"datePublished\":\"2026-02-11T09:36:45+00:00\",\"dateModified\":\"2026-03-09T15:49:11+00:00\",\"breadcrumb\":{\"@id\":\"https:\\\/\\\/www.kerntecdoc.com\\\/pl\\\/dziekujemy-za-zapytanie\\\/#breadcrumb\"},\"inLanguage\":\"pl-PL\",\"potentialAction\":[{\"@type\":\"ReadAction\",\"target\":[\"https:\\\/\\\/www.kerntecdoc.com\\\/pl\\\/dziekujemy-za-zapytanie\\\/\"]}]},{\"@type\":\"BreadcrumbList\",\"@id\":\"https:\\\/\\\/www.kerntecdoc.com\\\/pl\\\/dziekujemy-za-zapytanie\\\/#breadcrumb\",\"itemListElement\":[{\"@type\":\"ListItem\",\"position\":1,\"name\":\"Startseite\",\"item\":\"https:\\\/\\\/www.kerntecdoc.com\\\/pl\\\/\"},{\"@type\":\"ListItem\",\"position\":2,\"name\":\"Dzi\u0119kujemy za zapytanie\"}]},{\"@type\":\"WebSite\",\"@id\":\"https:\\\/\\\/www.kerntecdoc.com\\\/pl\\\/#website\",\"url\":\"https:\\\/\\\/www.kerntecdoc.com\\\/pl\\\/\",\"name\":\"KERN TecDoc\",\"description\":\"Wir erstellen, optimieren, \u00fcbersetzen Ihre Dokumentation normgerecht und verst\u00e4ndlich.\",\"publisher\":{\"@id\":\"https:\\\/\\\/www.kerntecdoc.com\\\/pl\\\/#organization\"},\"potentialAction\":[{\"@type\":\"SearchAction\",\"target\":{\"@type\":\"EntryPoint\",\"urlTemplate\":\"https:\\\/\\\/www.kerntecdoc.com\\\/pl\\\/?s={search_term_string}\"},\"query-input\":{\"@type\":\"PropertyValueSpecification\",\"valueRequired\":true,\"valueName\":\"search_term_string\"}}],\"inLanguage\":\"pl-PL\"},{\"@type\":\"Organization\",\"@id\":\"https:\\\/\\\/www.kerntecdoc.com\\\/pl\\\/#organization\",\"name\":\"KERN TecDoc\",\"url\":\"https:\\\/\\\/www.kerntecdoc.com\\\/pl\\\/\",\"logo\":{\"@type\":\"ImageObject\",\"inLanguage\":\"pl-PL\",\"@id\":\"https:\\\/\\\/www.kerntecdoc.com\\\/pl\\\/#\\\/schema\\\/logo\\\/image\\\/\",\"url\":\"https:\\\/\\\/www.kerntecdoc.com\\\/wp-content\\\/uploads\\\/2026\\\/01\\\/kern-techdoc-logo.svg\",\"contentUrl\":\"https:\\\/\\\/www.kerntecdoc.com\\\/wp-content\\\/uploads\\\/2026\\\/01\\\/kern-techdoc-logo.svg\",\"width\":805,\"height\":238,\"caption\":\"KERN TecDoc\"},\"image\":{\"@id\":\"https:\\\/\\\/www.kerntecdoc.com\\\/pl\\\/#\\\/schema\\\/logo\\\/image\\\/\"}}]}<\/script>\n<!-- \/ Yoast SEO plugin. -->","yoast_head_json":{"title":"Dzi\u0119kujemy za zapytanie - KERN TecDoc","robots":{"index":"index","follow":"follow","max-snippet":"max-snippet:-1","max-image-preview":"max-image-preview:large","max-video-preview":"max-video-preview:-1"},"canonical":"https:\/\/www.kerntecdoc.com\/pl\/dziekujemy-za-zapytanie\/","og_locale":"pl_PL","og_type":"article","og_title":"Dzi\u0119kujemy za zapytanie - KERN TecDoc","og_description":"Dzi\u0119kujemy za zapytanie do KERN TecDoc Szanowni Pa\u0144stwo, dzi\u0119kujemy za kontakt za po\u015brednictwem naszego formularza online! Otrzymali\u015bmy Pa\u0144stwa wiadomo\u015b\u0107, kt&oacute;ra zostanie teraz dok\u0142adnie sprawdzona przez nasz zesp&oacute;\u0142. Co si\u0119 teraz stanie? Zazwyczaj rozpatrujemy zapytania w ci\u0105gu 24 godzin. W razie pyta\u0144 skontaktuje si\u0119 z Pa\u0144stwem Pa\u0144stwa osobisty doradca. Nast\u0119pnie otrzymaj\u0105 Pa\u0144stwo odpowied\u017a zawieraj\u0105c\u0105 wszystkie niezb\u0119dne [&hellip;]","og_url":"https:\/\/www.kerntecdoc.com\/pl\/dziekujemy-za-zapytanie\/","og_site_name":"KERN TecDoc","article_modified_time":"2026-03-09T15:49:11+00:00","twitter_card":"summary_large_image","twitter_misc":{"Szacowany czas czytania":"1 minuta"},"schema":{"@context":"https:\/\/schema.org","@graph":[{"@type":"WebPage","@id":"https:\/\/www.kerntecdoc.com\/pl\/dziekujemy-za-zapytanie\/","url":"https:\/\/www.kerntecdoc.com\/pl\/dziekujemy-za-zapytanie\/","name":"Dzi\u0119kujemy za zapytanie - KERN TecDoc","isPartOf":{"@id":"https:\/\/www.kerntecdoc.com\/pl\/#website"},"datePublished":"2026-02-11T09:36:45+00:00","dateModified":"2026-03-09T15:49:11+00:00","breadcrumb":{"@id":"https:\/\/www.kerntecdoc.com\/pl\/dziekujemy-za-zapytanie\/#breadcrumb"},"inLanguage":"pl-PL","potentialAction":[{"@type":"ReadAction","target":["https:\/\/www.kerntecdoc.com\/pl\/dziekujemy-za-zapytanie\/"]}]},{"@type":"BreadcrumbList","@id":"https:\/\/www.kerntecdoc.com\/pl\/dziekujemy-za-zapytanie\/#breadcrumb","itemListElement":[{"@type":"ListItem","position":1,"name":"Startseite","item":"https:\/\/www.kerntecdoc.com\/pl\/"},{"@type":"ListItem","position":2,"name":"Dzi\u0119kujemy za zapytanie"}]},{"@type":"WebSite","@id":"https:\/\/www.kerntecdoc.com\/pl\/#website","url":"https:\/\/www.kerntecdoc.com\/pl\/","name":"KERN TecDoc","description":"Wir erstellen, optimieren, \u00fcbersetzen Ihre Dokumentation normgerecht und verst\u00e4ndlich.","publisher":{"@id":"https:\/\/www.kerntecdoc.com\/pl\/#organization"},"potentialAction":[{"@type":"SearchAction","target":{"@type":"EntryPoint","urlTemplate":"https:\/\/www.kerntecdoc.com\/pl\/?s={search_term_string}"},"query-input":{"@type":"PropertyValueSpecification","valueRequired":true,"valueName":"search_term_string"}}],"inLanguage":"pl-PL"},{"@type":"Organization","@id":"https:\/\/www.kerntecdoc.com\/pl\/#organization","name":"KERN TecDoc","url":"https:\/\/www.kerntecdoc.com\/pl\/","logo":{"@type":"ImageObject","inLanguage":"pl-PL","@id":"https:\/\/www.kerntecdoc.com\/pl\/#\/schema\/logo\/image\/","url":"https:\/\/www.kerntecdoc.com\/wp-content\/uploads\/2026\/01\/kern-techdoc-logo.svg","contentUrl":"https:\/\/www.kerntecdoc.com\/wp-content\/uploads\/2026\/01\/kern-techdoc-logo.svg","width":805,"height":238,"caption":"KERN TecDoc"},"image":{"@id":"https:\/\/www.kerntecdoc.com\/pl\/#\/schema\/logo\/image\/"}}]}},"_links":{"self":[{"href":"https:\/\/www.kerntecdoc.com\/pl\/wp-json\/wp\/v2\/pages\/3633","targetHints":{"allow":["GET"]}}],"collection":[{"href":"https:\/\/www.kerntecdoc.com\/pl\/wp-json\/wp\/v2\/pages"}],"about":[{"href":"https:\/\/www.kerntecdoc.com\/pl\/wp-json\/wp\/v2\/types\/page"}],"author":[{"embeddable":true,"href":"https:\/\/www.kerntecdoc.com\/pl\/wp-json\/wp\/v2\/users\/7"}],"replies":[{"embeddable":true,"href":"https:\/\/www.kerntecdoc.com\/pl\/wp-json\/wp\/v2\/comments?post=3633"}],"version-history":[{"count":4,"href":"https:\/\/www.kerntecdoc.com\/pl\/wp-json\/wp\/v2\/pages\/3633\/revisions"}],"predecessor-version":[{"id":3808,"href":"https:\/\/www.kerntecdoc.com\/pl\/wp-json\/wp\/v2\/pages\/3633\/revisions\/3808"}],"wp:attachment":[{"href":"https:\/\/www.kerntecdoc.com\/pl\/wp-json\/wp\/v2\/media?parent=3633"}],"wp:term":[{"taxonomy":"folder","embeddable":true,"href":"https:\/\/www.kerntecdoc.com\/pl\/wp-json\/wp\/v2\/folder?post=3633"}],"curies":[{"name":"wp","href":"https:\/\/api.w.org\/{rel}","templated":true}]}}