{"id":3806,"date":"2026-01-14T13:31:12","date_gmt":"2026-01-14T12:31:12","guid":{"rendered":"https:\/\/www.kerntecdoc.com\/polityka-prywatnosci\/"},"modified":"2026-03-09T16:51:29","modified_gmt":"2026-03-09T15:51:29","slug":"polityka-prywatnosci","status":"publish","type":"page","link":"https:\/\/www.kerntecdoc.com\/pl\/polityka-prywatnosci\/","title":{"rendered":"Polityka prywatno\u015bci"},"content":{"rendered":"\t\t<div data-elementor-type=\"wp-page\" data-elementor-id=\"3806\" class=\"elementor elementor-3806 elementor-3\" data-elementor-post-type=\"page\">\n\t\t\t\t<div class=\"elementor-element elementor-element-e4a431f e-flex e-con-boxed e-con e-parent\" data-id=\"e4a431f\" data-element_type=\"container\" data-e-type=\"container\">\n\t\t\t\t\t<div class=\"e-con-inner\">\n\t\t\t\t<div class=\"elementor-element elementor-element-21d7f2b elementor-widget elementor-widget-breadcrumbs\" data-id=\"21d7f2b\" data-element_type=\"widget\" data-e-type=\"widget\" data-widget_type=\"breadcrumbs.default\">\n\t\t\t\t\t<p id=\"breadcrumbs\"><span><span><a href=\"https:\/\/www.kerntecdoc.com\/pl\/\">Startseite<\/a><\/span><\/span><\/p>\t\t\t\t<\/div>\n\t\t\t\t\t<\/div>\n\t\t\t\t<\/div>\n\t\t<div class=\"elementor-element elementor-element-710f366 e-flex e-con-boxed e-con e-parent\" data-id=\"710f366\" data-element_type=\"container\" data-e-type=\"container\">\n\t\t\t\t\t<div class=\"e-con-inner\">\n\t\t<div class=\"elementor-element elementor-element-7931a43 e-con-full e-flex e-con e-child\" data-id=\"7931a43\" data-element_type=\"container\" data-e-type=\"container\">\n\t\t<div class=\"elementor-element elementor-element-7d9a190 e-con-full e-flex e-con e-child\" data-id=\"7d9a190\" data-element_type=\"container\" data-e-type=\"container\" data-settings=\"{&quot;background_background&quot;:&quot;gradient&quot;}\">\n\t\t\t\t<\/div>\n\t\t\t\t<div class=\"elementor-element elementor-element-5e615f4 elementor-widget elementor-widget-heading\" data-id=\"5e615f4\" data-element_type=\"widget\" data-e-type=\"widget\" data-widget_type=\"heading.default\">\n\t\t\t\t\t<h1 class=\"elementor-heading-title elementor-size-default\">Polityka prywatno\u015bci KERN<\/h1>\t\t\t\t<\/div>\n\t\t\t\t<div class=\"elementor-element elementor-element-5e41ccf elementor-widget elementor-widget-heading\" data-id=\"5e41ccf\" data-element_type=\"widget\" data-e-type=\"widget\" data-widget_type=\"heading.default\">\n\t\t\t\t\t<div class=\"elementor-heading-title elementor-size-default\">Stan na stycze\u0144 2026 r.<\/div>\t\t\t\t<\/div>\n\t\t\t\t<div class=\"elementor-element elementor-element-de9ac3b elementor-widget elementor-widget-text-editor\" data-id=\"de9ac3b\" data-element_type=\"widget\" data-e-type=\"widget\" data-widget_type=\"text-editor.default\">\n\t\t\t\t\t\t\t\t\t<h2>1. Ochrona danych w skr\u00f3cie<\/h2>\n<p><b>Informacje og\u00f3lne<\/b><\/p>\n<p>Poni\u017csze informacje przedstawiaj\u0105 prosty przegl\u0105d tego, co dzieje si\u0119 z Pa\u0144stwa danymi osobowymi, gdy odwiedzaj\u0105 Pa\u0144stwo nasz\u0105 stron\u0119 internetow\u0105. Dane osobowe to wszelkie dane, na podstawie kt\u00f3rych mo\u017cna Pa\u0144stwa osobi\u015bcie zidentyfikowa\u0107.<\/p>\n<p><b>Administrator danych na tej stronie internetowej<\/b><\/p>\n<p>Przetwarzanie danych na tej stronie internetowej odbywa si\u0119 przez operatora strony:<\/p>\n<p><b>KERN AG, Sprachendienste<br \/>\n<\/b>Kurf\u00fcrstenstra\u00dfe 1<br \/>60486 Frankfurt am Main<\/p>\n<p>Tel.: <a href=\"http:\/\/tel:+49697560730\" target=\"_blank\" rel=\"noopener\">(069) 75 60 73-555<\/a><br \/>E-mail: <a href=\"mailto:info@e-kern.com\" target=\"_blank\" rel=\"noopener\">tecdoku@e-kern.com<\/a><br \/>Strona internetowa: <a href=\"https:\/\/www.e-kern.com\/\">www.kerntecdoc.com<\/a><\/p>\n<p><b>Nasz inspektor ochrony danych:<\/b><\/p>\n<p>Adwokat (RA) Ilja Jordy<br \/>E-mail: <a href=\"mailto:datenschutz@e-kern.com\">datenschutz@e-kern.com<\/a><\/p>\n<p><b>W jaki spos\u00f3b gromadzimy Pa\u0144stwa dane?<\/b><\/p>\n<p>Z jednej strony Pa\u0144stwa dane s\u0105 gromadzone, gdy nam je Pa\u0144stwo przekazuj\u0105. Mog\u0105 to by\u0107 na przyk\u0142ad dane wprowadzane do formularza kontaktowego lub przekazywane podczas zapisywania si\u0119 do newslettera.<\/p>\n<p>Inne dane s\u0105 gromadzone automatycznie lub po wyra\u017ceniu przez Pa\u0144stwa zgody przez nasze systemy informatyczne podczas odwiedzania strony internetowej. S\u0105 to przede wszystkim dane techniczne (np. przegl\u0105darka internetowa, system operacyjny lub czas wej\u015bcia na stron\u0119) oraz dane dotycz\u0105ce sposobu korzystania z naszej witryny.<\/p>\n\t\t\t\t\t\t\t\t<\/div>\n\t\t\t\t<div class=\"elementor-element elementor-element-087b9ca elementor-widget elementor-widget-text-editor\" data-id=\"087b9ca\" data-element_type=\"widget\" data-e-type=\"widget\" data-widget_type=\"text-editor.default\">\n\t\t\t\t\t\t\t\t\t<h2>2. Hosting<\/h2><br>Nasza strona internetowa jest hostowana przez naszego us\u0142ugodawc\u0119:<br><br><b>Plutex GmbH\r\n<\/b>Hermann-Ritter-Str. 110<br>28197 Bremen<br>(zwanym dalej \u201ePlutex\u201d)<br><br>Gdy odwiedzaj\u0105 Pa\u0144stwo nasz\u0105 stron\u0119 internetow\u0105, Plutex gromadzi r\u00f3\u017cne pliki dziennika (logi), w tym Pa\u0144stwa adresy IP.<br>Szczeg\u00f3\u0142owe informacje na temat przetwarzania danych mo\u017cna znale\u017a\u0107 w polityce prywatno\u015bci firmy Plutex: <a href=\"https:\/\/www.plutex.de\/datenschutz\" target=\"_blank\" rel=\"noopener\">https:\/\/www.plutex.de\/datenschutz<\/a>.<br><br>Korzystanie z us\u0142ug firmy Plutex odbywa si\u0119 na podstawie art. 6 ust. 1 lit. f RODO. Mamy uzasadniony interes w mo\u017cliwie najbardziej niezawodnym wy\u015bwietlaniu naszej strony internetowej. O ile za\u017c\u0105dano odpowiedniej zgody, przetwarzanie odbywa si\u0119 wy\u0142\u0105cznie na podstawie art. 6 ust. 1 lit. a RODO; zgoda ta mo\u017ce zosta\u0107 wycofana w dowolnym momencie.<br><br>Powierzenie przetwarzania danych<br>Z wy\u017cej wymienionym dostawc\u0105 zawarli\u015bmy umow\u0119 powierzenia przetwarzania danych (AVV). Jest to umowa wymagana przez przepisy o ochronie danych, kt\u00f3ra gwarantuje, \u017ce dostawca ten przetwarza dane osobowe os\u00f3b odwiedzaj\u0105cych nasz\u0105 stron\u0119 internetow\u0105 wy\u0142\u0105cznie zgodnie z naszymi instrukcjami i w zgodzie z RODO.\t\t\t\t\t\t\t\t<\/div>\n\t\t\t\t<div class=\"elementor-element elementor-element-f8fbcdb elementor-widget elementor-widget-text-editor\" data-id=\"f8fbcdb\" data-element_type=\"widget\" data-e-type=\"widget\" data-widget_type=\"text-editor.default\">\n\t\t\t\t\t\t\t\t\t<h2>3. Zgoda i zarz\u0105dzanie plikami cookie<\/h2><br><b>Consentmanager<\/b><br><br>Nasza strona internetowa korzysta z technologii zgody (Consent-Technology) firmy consentmanager.net w celu uzyskania Pa\u0144stwa zgody na przechowywanie okre\u015blonych plik\u00f3w cookie na Pa\u0144stwa urz\u0105dzeniu ko\u0144cowym lub na stosowanie okre\u015blonych technologii oraz w celu ich udokumentowania w spos\u00f3b zgodny z przepisami o ochronie danych. Dostawc\u0105 tej technologii jest firma Consentmanager AB, H\u00e5ltegelv\u00e4gen 1b, 72348 V\u00e4ster\u00e5s, Szwecja (zwana dalej \u201eConsentmanager\u201d).<br><br>Po wej\u015bciu na nasz\u0105 stron\u0119 internetow\u0105 nawi\u0105zywane jest po\u0142\u0105czenie z serwerami firmy Consentmanager w celu uzyskania Pa\u0144stwa zgody oraz innych o\u015bwiadcze\u0144 dotycz\u0105cych korzystania z plik\u00f3w cookie. Nast\u0119pnie firma Consentmanager zapisuje plik cookie w Pa\u0144stwa przegl\u0105darce, aby m\u00f3c przypisa\u0107 Pa\u0144stwu udzielone zgody lub ich wycofanie. Dane zgromadzone w ten spos\u00f3b s\u0105 przechowywane do momentu, gdy za\u017c\u0105daj\u0105 Pa\u0144stwo ich usuni\u0119cia, sami usun\u0105 plik cookie Consentmanager lub gdy ustanie cel przechowywania danych. Obowi\u0105zkowe ustawowe okresy przechowywania danych pozostaj\u0105 nienaruszone.<br><br>Korzystanie z us\u0142ug firmy Consentmanager odbywa si\u0119 w celu uzyskania wymaganych prawem zg\u00f3d na stosowanie plik\u00f3w cookie. Podstaw\u0105 prawn\u0105 w tym zakresie jest art. 6 ust. 1 lit. c RODO.\t\t\t\t\t\t\t\t<\/div>\n\t\t\t\t<div class=\"elementor-element elementor-element-3b52b51 elementor-widget elementor-widget-text-editor\" data-id=\"3b52b51\" data-element_type=\"widget\" data-e-type=\"widget\" data-widget_type=\"text-editor.default\">\n\t\t\t\t\t\t\t\t\t<h2>4. Analiza i reklama<\/h2><br><b>Matomo (Cookieless) <\/b><br><br>Na tej stronie internetowej korzystamy z oprogramowania open-source Matomo do analizy zachowania u\u017cytkownik\u00f3w podczas przegl\u0105dania stron. Skonfigurowali\u015bmy Matomo w taki spos\u00f3b, aby <b>\u017cadne pliki cookie<\/b> nie by\u0142y zapisywane na Pa\u0144stwa urz\u0105dzeniu ko\u0144cowym. Analiza odbywa si\u0119 za pomoc\u0105 tzw. fingerprintingu (cyfrowego odcisku palca), kt\u00f3ry zmienia si\u0119 przy ka\u017cdym wywo\u0142aniu strony i nie pozwala na trwa\u0142\u0105 identyfikacj\u0119 u\u017cytkownika.<br><br>Pa\u0144stwa adres IP jest natychmiast anonimizowany podczas przetwarzania (np. poprzez skr\u00f3cenie ostatnich cyfr), dzi\u0119ki czemu jako u\u017cytkownicy pozostaj\u0105 Pa\u0144stwo dla nas anonimowi. Dane gromadzone przez Matomo s\u0105 przechowywane na naszych w\u0142asnych serwerach (lub u naszego dostawcy hostingu Plutex w Niemczech) i nie s\u0105 przekazywane podmiotom trzecim.<br><br>Korzystanie z tego narz\u0119dzia analitycznego odbywa si\u0119 na podstawie art. 6 ust. 1 lit. f RODO. Operator strony internetowej ma uzasadniony interes w anonimowej analizie zachowa\u0144 u\u017cytkownik\u00f3w w celu optymalizacji zar\u00f3wno swojej oferty internetowej, jak i reklamy. Poniewa\u017c nie s\u0105 ustawiane \u017cadne pliki cookie, a adres IP jest anonimizowany, dla tej formy pomiaru zasi\u0119gu nie jest wymagana zgoda.<br><br>Je\u015bli mimo to nie wyra\u017caj\u0105 Pa\u0144stwo zgody na przechowywanie i wykorzystywanie Pa\u0144stwa danych, mog\u0105 Pa\u0144stwo wy\u0142\u0105czy\u0107 ich przechowywanie i wykorzystywanie tutaj:\t\t\t\t\t\t\t\t<\/div>\n\t\t\t\t<div class=\"elementor-element elementor-element-2ffd0a7 elementor-widget elementor-widget-wp-widget-custom_html\" data-id=\"2ffd0a7\" data-element_type=\"widget\" data-e-type=\"widget\" data-widget_type=\"wp-widget-custom_html.default\">\n\t\t\t\t<div class=\"elementor-widget-container\">\n\t\t\t\t\t<div class=\"textwidget custom-html-widget\"><div id=\"matomo-opt-out\"><\/div>\n<p><\/p>\n<\/div>\t\t\t\t<\/div>\n\t\t\t\t<\/div>\n\t\t\t\t<div class=\"elementor-element elementor-element-dd87d09 elementor-widget elementor-widget-text-editor\" data-id=\"dd87d09\" data-element_type=\"widget\" data-e-type=\"widget\" data-widget_type=\"text-editor.default\">\n\t\t\t\t\t\t\t\t\t<b>Google Analytics 4 (GA4) <\/b><br><br>O ile wyrazili Pa\u0144stwo swoj\u0105 zgod\u0119, na tej stronie internetowej stosowana jest dodatkowo us\u0142uga Google Analytics 4, us\u0142uga analizy stron internetowych firmy Google LLC. Podmiotem odpowiedzialnym dla u\u017cytkownik\u00f3w w UE\/EOG i Szwajcarii jest Google Ireland Limited, Google Building Gordon House, 4 Barrow St, Dublin, D04 E5W5, Irlandia (\u201eGoogle\u201d).<br><br><b>Rodzaj i cel przetwarzania <\/b><br><br>Google Analytics wykorzystuje pliki cookie, kt\u00f3re umo\u017cliwiaj\u0105 analiz\u0119 korzystania przez Pa\u0144stwa z naszych stron internetowych. Informacje zebrane za pomoc\u0105 plik\u00f3w cookie s\u0105 zazwyczaj przesy\u0142ane na serwer Google w USA i tam przechowywane. W przypadku Google Analytics 4 anonimizacja adres\u00f3w IP jest domy\u015blnie w\u0142\u0105czona. Ze wzgl\u0119du na anonimizacj\u0119 IP, Pa\u0144stwa adres IP zostanie skr\u00f3cony przez Google w pa\u0144stwach cz\u0142onkowskich Unii Europejskiej lub w innych pa\u0144stwach b\u0119d\u0105cych stronami Porozumienia o Europejskim Obszarze Gospodarczym.<br><br><b>Podstawa prawna i odwo\u0142anie zgody<\/b><br><br>Podstaw\u0105 prawn\u0105 tego przetwarzania danych jest Pa\u0144stwa zgoda zgodnie z art. 6 ust. 1 lit. a RODO. Mog\u0105 Pa\u0144stwo wycofa\u0107 swoj\u0105 zgod\u0119 w dowolnym momencie ze skutkiem na przysz\u0142o\u015b\u0107, uzyskuj\u0105c dost\u0119p do ustawie\u0144 plik\u00f3w cookie za po\u015brednictwem naszego narz\u0119dzia Consentmanager.<br><br><b style=\"font-size: 1.25rem;\">Przekazywanie danych do USA <\/b><br><br>Google przetwarza dane r\u00f3wnie\u017c w USA. Zwracamy uwag\u0119, \u017ce firma Google posiada certyfikat zgodnie z \u201eEU-US Data Privacy Framework\u201d (DPF). DPF to porozumienie mi\u0119dzy Uni\u0105 Europejsk\u0105 a USA, kt\u00f3re ma na celu zapewnienie przestrzegania europejskich standard\u00f3w ochrony danych podczas przetwarzania danych w USA.<br><br><span style=\"font-size: 1.25rem;\"><b>Okres przechowywania <\/b><\/span><br><br><span style=\"font-size: 1.25rem;\">Dane przesy\u0142ane przez nas i powi\u0105zane z plikami cookie s\u0105 usuwane automatycznie po 14 miesi\u0105cach.<\/span>\t\t\t\t\t\t\t\t<\/div>\n\t\t\t\t<div class=\"elementor-element elementor-element-8fb5194 elementor-widget elementor-widget-text-editor\" data-id=\"8fb5194\" data-element_type=\"widget\" data-e-type=\"widget\" data-widget_type=\"text-editor.default\">\n\t\t\t\t\t\t\t\t\t<h2>5. Newsletter i kontakt<\/h2><br><b>Formularz kontaktowy <\/b><br><br>Je\u015bli przesy\u0142aj\u0105 nam Pa\u0144stwo zapytania za po\u015brednictwem formularza kontaktowego, Pa\u0144stwa dane z formularza zapytania, w tym podane tam dane kontaktowe, b\u0119d\u0105 przez nas przechowywane w celu przetworzenia zapytania oraz na wypadek pyta\u0144 uzupe\u0142niaj\u0105cych. Nie przekazujemy tych danych bez Pa\u0144stwa zgody. Przetwarzanie tych danych odbywa si\u0119 na podstawie art. 6 ust. 1 lit. b RODO (wykonanie umowy \/ dzia\u0142ania przedumowne) lub art. 6 ust. 1 lit. f RODO (uzasadniony interes w przetworzeniu zapytania).<br><br><b>Newsletter i dostawca us\u0142ug wysy\u0142kowych (Brevo) <\/b><br><br>Ta strona internetowa korzysta z us\u0142ug firmy Brevo (dawniej Sendinblue \/ Newsletter2Go) do wysy\u0142ki newsletter\u00f3w. Dostawc\u0105 jest firma Sendinblue GmbH, K\u00f6penicker Stra\u00dfe 126, 10179 Berlin lub sp\u00f3\u0142ka matka Brevo SAS, Pary\u017c.<br><br>Dane wprowadzone przez Pa\u0144stwa s\u0105 przechowywane na serwerach firmy Brevo (lokalizacja zazwyczaj w Niemczech lub UE). Za pomoc\u0105 Brevo mo\u017cemy analizowa\u0107 nasze kampanie newsletterowe (wska\u017aniki otwar\u0107, klikni\u0119cia). Przetwarzanie danych odbywa sich na podstawie Pa\u0144stwa zgody (art. 6 ust. 1 lit. a RODO). Mog\u0105 Pa\u0144stwo wycofa\u0107 t\u0119 zgod\u0119 w dowolnym momencie, rezygnuj\u0105c z subskrypcji newslettera.<br><br><b>Powierzenie przetwarzania danych <\/b><br><br>Z firm\u0105 Brevo zawarli\u015bmy umow\u0119 powierzenia przetwarzania danych (AVV), kt\u00f3ra zapewnia przestrzeganie przepis\u00f3w RODO.\t\t\t\t\t\t\t\t<\/div>\n\t\t\t\t<div class=\"elementor-element elementor-element-5f605ec elementor-widget elementor-widget-text-editor\" data-id=\"5f605ec\" data-element_type=\"widget\" data-e-type=\"widget\" data-widget_type=\"text-editor.default\">\n\t\t\t\t\t\t\t\t\t<h2>6. Konto klienta i zam\u00f3wienia<\/h2><br><strong>Konto klienta <\/strong><br><br>Zak\u0142adaj\u0105c konto klienta, wyra\u017caj\u0105 Pa\u0144stwo zgod\u0119 na przechowywanie Pa\u0144stwa danych podstawowych (imi\u0119 i nazwisko, adres, adres e-mail, dane bankowe) oraz danych u\u017cytkownika (nazwa u\u017cytkownika, has\u0142o). Dane te s\u0105 wykorzystywane do identyfikacji Pa\u0144stwa jako klienta i umo\u017cliwienia Pa\u0144stwu zarz\u0105dzania swoimi danymi. Przetwarzanie odbywa si\u0119 na podstawie Pa\u0144stwa zgody zgodnie z art. 6 ust. 1 lit. a RODO.<br><br><strong>Przetwarzanie danych (dane klienta i dane umowne) <\/strong><br><br>Gromadzimy, przetwarzamy i wykorzystujemy dane osobowe tylko w zakresie, w jakim jest to niezb\u0119dne do nawi\u0105zania, ukszta\u0142towania tre\u015bci lub zmiany stosunku prawnego (dane podstawowe). Odbywa si\u0119 to na podstawie art. 6 ust. 1 lit. b RODO.\t\t\t\t\t\t\t\t<\/div>\n\t\t\t\t<div class=\"elementor-element elementor-element-6c807bb elementor-widget elementor-widget-text-editor\" data-id=\"6c807bb\" data-element_type=\"widget\" data-e-type=\"widget\" data-widget_type=\"text-editor.default\">\n\t\t\t\t\t\t\t\t\t<h2>7. Sekcja kariery (aplikacje)<\/h2><br>Je\u015bli przesy\u0142aj\u0105 nam Pa\u0144stwo swoj\u0105 aplikacj\u0119, przetwarzamy powi\u0105zane z ni\u0105 dane osobowe (np. dane kontaktowe i komunikacyjne, dokumenty aplikacyjne) w zakresie, w jakim jest to niezb\u0119dne do podj\u0119cia decyzji o nawi\u0105zaniu stosunku pracy. Podstaw\u0105 prawn\u0105 w tym zakresie jest \u00a7 26 BDSG (niemiecka federalna ustawa o ochronie danych) oraz art. 6 ust. 1 lit. b RODO.\t\t\t\t\t\t\t\t<\/div>\n\t\t\t\t<div class=\"elementor-element elementor-element-9aa76a2 elementor-widget elementor-widget-text-editor\" data-id=\"9aa76a2\" data-element_type=\"widget\" data-e-type=\"widget\" data-widget_type=\"text-editor.default\">\n\t\t\t\t\t\t\t\t\t<h2>8. Pa\u0144stwa prawa jako osoby, kt\u00f3rej dane dotycz\u0105<\/h2><br>Maj\u0105 Pa\u0144stwo w dowolnym momencie prawo do bezp\u0142atnej <strong>informacji<\/strong> o Pa\u0144stwa przechowywanych danych osobowych, ich pochodzeniu i odbiorcach oraz celu przetwarzania danych, a tak\u017ce prawo do <strong>sprostowania<\/strong> lub <strong>usuni\u0119cia<\/strong> tych danych. Je\u015bli udzielili Pa\u0144stwo zgody na przetwarzanie danych, mog\u0105 j\u0105 Pa\u0144stwo w dowolnym momencie wycofa\u0107 ze skutkiem na przysz\u0142o\u015b\u0107. Ponadto maj\u0105 Pa\u0144stwo prawo \u017c\u0105da\u0107 <strong>ograniczenia przetwarzania<\/strong> oraz prawo do <strong>wniesienia skargi<\/strong> do w\u0142a\u015bciwego organu nadzorczego.<br><br>W celu skorzystania z tych praw prosimy o kontakt z naszym inspektorem ochrony danych (<a href=\"mailto:datenschutz@e-kern.com\">datenschutz@e-kern.com<\/a>).\t\t\t\t\t\t\t\t<\/div>\n\t\t\t\t<\/div>\n\t\t\t\t\t<\/div>\n\t\t\t\t<\/div>\n\t\t\t\t<\/div>\n\t\t","protected":false},"excerpt":{"rendered":"<p>Polityka prywatno\u015bci KERN Stan na stycze\u0144 2026 r. 1. Ochrona danych w skr\u00f3cie Informacje og\u00f3lne Poni\u017csze informacje przedstawiaj\u0105 prosty przegl\u0105d tego, co dzieje si\u0119 z Pa\u0144stwa danymi osobowymi, gdy odwiedzaj\u0105 Pa\u0144stwo nasz\u0105 stron\u0119 internetow\u0105. Dane osobowe to wszelkie dane, na podstawie kt\u00f3rych mo\u017cna Pa\u0144stwa osobi\u015bcie zidentyfikowa\u0107. Administrator danych na tej stronie internetowej Przetwarzanie danych na [&hellip;]<\/p>\n","protected":false},"author":4,"featured_media":0,"parent":0,"menu_order":0,"comment_status":"closed","ping_status":"closed","template":"","meta":{"_relevanssi_hide_post":"","_relevanssi_hide_content":"","_relevanssi_pin_for_all":"","_relevanssi_pin_keywords":"","_relevanssi_unpin_keywords":"","_relevanssi_related_keywords":"","_relevanssi_related_include_ids":"","_relevanssi_related_exclude_ids":"","_relevanssi_related_no_append":"","_relevanssi_related_not_related":"","_relevanssi_related_posts":"","_relevanssi_noindex_reason":"","footnotes":""},"folder":[52],"class_list":["post-3806","page","type-page","status-publish","hentry"],"yoast_head":"<!-- This site is optimized with the Yoast SEO plugin v27.4 - https:\/\/yoast.com\/product\/yoast-seo-wordpress\/ -->\n<title>Polityka prywatno\u015bci - KERN TecDoc<\/title>\n<meta name=\"robots\" content=\"index, follow, max-snippet:-1, max-image-preview:large, max-video-preview:-1\" \/>\n<link rel=\"canonical\" href=\"https:\/\/www.kerntecdoc.com\/pl\/polityka-prywatnosci\/\" \/>\n<meta property=\"og:locale\" content=\"pl_PL\" \/>\n<meta property=\"og:type\" content=\"article\" \/>\n<meta property=\"og:title\" content=\"Polityka prywatno\u015bci - KERN TecDoc\" \/>\n<meta property=\"og:description\" content=\"Polityka prywatno\u015bci KERN Stan na stycze\u0144 2026 r. 1. Ochrona danych w skr\u00f3cie Informacje og\u00f3lne Poni\u017csze informacje przedstawiaj\u0105 prosty przegl\u0105d tego, co dzieje si\u0119 z Pa\u0144stwa danymi osobowymi, gdy odwiedzaj\u0105 Pa\u0144stwo nasz\u0105 stron\u0119 internetow\u0105. Dane osobowe to wszelkie dane, na podstawie kt\u00f3rych mo\u017cna Pa\u0144stwa osobi\u015bcie zidentyfikowa\u0107. Administrator danych na tej stronie internetowej Przetwarzanie danych na [&hellip;]\" \/>\n<meta property=\"og:url\" content=\"https:\/\/www.kerntecdoc.com\/pl\/polityka-prywatnosci\/\" \/>\n<meta property=\"og:site_name\" content=\"KERN TecDoc\" \/>\n<meta property=\"article:modified_time\" content=\"2026-03-09T15:51:29+00:00\" \/>\n<meta name=\"twitter:card\" content=\"summary_large_image\" \/>\n<meta name=\"twitter:label1\" content=\"Szacowany czas czytania\" \/>\n\t<meta name=\"twitter:data1\" content=\"8 minut\" \/>\n<script type=\"application\/ld+json\" class=\"yoast-schema-graph\">{\"@context\":\"https:\\\/\\\/schema.org\",\"@graph\":[{\"@type\":\"WebPage\",\"@id\":\"https:\\\/\\\/www.kerntecdoc.com\\\/pl\\\/polityka-prywatnosci\\\/\",\"url\":\"https:\\\/\\\/www.kerntecdoc.com\\\/pl\\\/polityka-prywatnosci\\\/\",\"name\":\"Polityka prywatno\u015bci - KERN TecDoc\",\"isPartOf\":{\"@id\":\"https:\\\/\\\/www.kerntecdoc.com\\\/pl\\\/#website\"},\"datePublished\":\"2026-01-14T12:31:12+00:00\",\"dateModified\":\"2026-03-09T15:51:29+00:00\",\"breadcrumb\":{\"@id\":\"https:\\\/\\\/www.kerntecdoc.com\\\/pl\\\/polityka-prywatnosci\\\/#breadcrumb\"},\"inLanguage\":\"pl-PL\",\"potentialAction\":[{\"@type\":\"ReadAction\",\"target\":[\"https:\\\/\\\/www.kerntecdoc.com\\\/pl\\\/polityka-prywatnosci\\\/\"]}]},{\"@type\":\"BreadcrumbList\",\"@id\":\"https:\\\/\\\/www.kerntecdoc.com\\\/pl\\\/polityka-prywatnosci\\\/#breadcrumb\",\"itemListElement\":[{\"@type\":\"ListItem\",\"position\":1,\"name\":\"Startseite\",\"item\":\"https:\\\/\\\/www.kerntecdoc.com\\\/pl\\\/\"},{\"@type\":\"ListItem\",\"position\":2,\"name\":\"Polityka prywatno\u015bci\"}]},{\"@type\":\"WebSite\",\"@id\":\"https:\\\/\\\/www.kerntecdoc.com\\\/pl\\\/#website\",\"url\":\"https:\\\/\\\/www.kerntecdoc.com\\\/pl\\\/\",\"name\":\"KERN TecDoc\",\"description\":\"Wir erstellen, optimieren, \u00fcbersetzen Ihre Dokumentation normgerecht und verst\u00e4ndlich.\",\"publisher\":{\"@id\":\"https:\\\/\\\/www.kerntecdoc.com\\\/pl\\\/#organization\"},\"potentialAction\":[{\"@type\":\"SearchAction\",\"target\":{\"@type\":\"EntryPoint\",\"urlTemplate\":\"https:\\\/\\\/www.kerntecdoc.com\\\/pl\\\/?s={search_term_string}\"},\"query-input\":{\"@type\":\"PropertyValueSpecification\",\"valueRequired\":true,\"valueName\":\"search_term_string\"}}],\"inLanguage\":\"pl-PL\"},{\"@type\":\"Organization\",\"@id\":\"https:\\\/\\\/www.kerntecdoc.com\\\/pl\\\/#organization\",\"name\":\"KERN TecDoc\",\"url\":\"https:\\\/\\\/www.kerntecdoc.com\\\/pl\\\/\",\"logo\":{\"@type\":\"ImageObject\",\"inLanguage\":\"pl-PL\",\"@id\":\"https:\\\/\\\/www.kerntecdoc.com\\\/pl\\\/#\\\/schema\\\/logo\\\/image\\\/\",\"url\":\"https:\\\/\\\/www.kerntecdoc.com\\\/wp-content\\\/uploads\\\/2026\\\/01\\\/kern-techdoc-logo.svg\",\"contentUrl\":\"https:\\\/\\\/www.kerntecdoc.com\\\/wp-content\\\/uploads\\\/2026\\\/01\\\/kern-techdoc-logo.svg\",\"width\":805,\"height\":238,\"caption\":\"KERN TecDoc\"},\"image\":{\"@id\":\"https:\\\/\\\/www.kerntecdoc.com\\\/pl\\\/#\\\/schema\\\/logo\\\/image\\\/\"}}]}<\/script>\n<!-- \/ Yoast SEO plugin. -->","yoast_head_json":{"title":"Polityka prywatno\u015bci - KERN TecDoc","robots":{"index":"index","follow":"follow","max-snippet":"max-snippet:-1","max-image-preview":"max-image-preview:large","max-video-preview":"max-video-preview:-1"},"canonical":"https:\/\/www.kerntecdoc.com\/pl\/polityka-prywatnosci\/","og_locale":"pl_PL","og_type":"article","og_title":"Polityka prywatno\u015bci - KERN TecDoc","og_description":"Polityka prywatno\u015bci KERN Stan na stycze\u0144 2026 r. 1. Ochrona danych w skr\u00f3cie Informacje og\u00f3lne Poni\u017csze informacje przedstawiaj\u0105 prosty przegl\u0105d tego, co dzieje si\u0119 z Pa\u0144stwa danymi osobowymi, gdy odwiedzaj\u0105 Pa\u0144stwo nasz\u0105 stron\u0119 internetow\u0105. Dane osobowe to wszelkie dane, na podstawie kt\u00f3rych mo\u017cna Pa\u0144stwa osobi\u015bcie zidentyfikowa\u0107. Administrator danych na tej stronie internetowej Przetwarzanie danych na [&hellip;]","og_url":"https:\/\/www.kerntecdoc.com\/pl\/polityka-prywatnosci\/","og_site_name":"KERN TecDoc","article_modified_time":"2026-03-09T15:51:29+00:00","twitter_card":"summary_large_image","twitter_misc":{"Szacowany czas czytania":"8 minut"},"schema":{"@context":"https:\/\/schema.org","@graph":[{"@type":"WebPage","@id":"https:\/\/www.kerntecdoc.com\/pl\/polityka-prywatnosci\/","url":"https:\/\/www.kerntecdoc.com\/pl\/polityka-prywatnosci\/","name":"Polityka prywatno\u015bci - KERN TecDoc","isPartOf":{"@id":"https:\/\/www.kerntecdoc.com\/pl\/#website"},"datePublished":"2026-01-14T12:31:12+00:00","dateModified":"2026-03-09T15:51:29+00:00","breadcrumb":{"@id":"https:\/\/www.kerntecdoc.com\/pl\/polityka-prywatnosci\/#breadcrumb"},"inLanguage":"pl-PL","potentialAction":[{"@type":"ReadAction","target":["https:\/\/www.kerntecdoc.com\/pl\/polityka-prywatnosci\/"]}]},{"@type":"BreadcrumbList","@id":"https:\/\/www.kerntecdoc.com\/pl\/polityka-prywatnosci\/#breadcrumb","itemListElement":[{"@type":"ListItem","position":1,"name":"Startseite","item":"https:\/\/www.kerntecdoc.com\/pl\/"},{"@type":"ListItem","position":2,"name":"Polityka prywatno\u015bci"}]},{"@type":"WebSite","@id":"https:\/\/www.kerntecdoc.com\/pl\/#website","url":"https:\/\/www.kerntecdoc.com\/pl\/","name":"KERN TecDoc","description":"Wir erstellen, optimieren, \u00fcbersetzen Ihre Dokumentation normgerecht und verst\u00e4ndlich.","publisher":{"@id":"https:\/\/www.kerntecdoc.com\/pl\/#organization"},"potentialAction":[{"@type":"SearchAction","target":{"@type":"EntryPoint","urlTemplate":"https:\/\/www.kerntecdoc.com\/pl\/?s={search_term_string}"},"query-input":{"@type":"PropertyValueSpecification","valueRequired":true,"valueName":"search_term_string"}}],"inLanguage":"pl-PL"},{"@type":"Organization","@id":"https:\/\/www.kerntecdoc.com\/pl\/#organization","name":"KERN TecDoc","url":"https:\/\/www.kerntecdoc.com\/pl\/","logo":{"@type":"ImageObject","inLanguage":"pl-PL","@id":"https:\/\/www.kerntecdoc.com\/pl\/#\/schema\/logo\/image\/","url":"https:\/\/www.kerntecdoc.com\/wp-content\/uploads\/2026\/01\/kern-techdoc-logo.svg","contentUrl":"https:\/\/www.kerntecdoc.com\/wp-content\/uploads\/2026\/01\/kern-techdoc-logo.svg","width":805,"height":238,"caption":"KERN TecDoc"},"image":{"@id":"https:\/\/www.kerntecdoc.com\/pl\/#\/schema\/logo\/image\/"}}]}},"_links":{"self":[{"href":"https:\/\/www.kerntecdoc.com\/pl\/wp-json\/wp\/v2\/pages\/3806","targetHints":{"allow":["GET"]}}],"collection":[{"href":"https:\/\/www.kerntecdoc.com\/pl\/wp-json\/wp\/v2\/pages"}],"about":[{"href":"https:\/\/www.kerntecdoc.com\/pl\/wp-json\/wp\/v2\/types\/page"}],"author":[{"embeddable":true,"href":"https:\/\/www.kerntecdoc.com\/pl\/wp-json\/wp\/v2\/users\/4"}],"replies":[{"embeddable":true,"href":"https:\/\/www.kerntecdoc.com\/pl\/wp-json\/wp\/v2\/comments?post=3806"}],"version-history":[{"count":5,"href":"https:\/\/www.kerntecdoc.com\/pl\/wp-json\/wp\/v2\/pages\/3806\/revisions"}],"predecessor-version":[{"id":3813,"href":"https:\/\/www.kerntecdoc.com\/pl\/wp-json\/wp\/v2\/pages\/3806\/revisions\/3813"}],"wp:attachment":[{"href":"https:\/\/www.kerntecdoc.com\/pl\/wp-json\/wp\/v2\/media?parent=3806"}],"wp:term":[{"taxonomy":"folder","embeddable":true,"href":"https:\/\/www.kerntecdoc.com\/pl\/wp-json\/wp\/v2\/folder?post=3806"}],"curies":[{"name":"wp","href":"https:\/\/api.w.org\/{rel}","templated":true}]}}